{"id":5613,"date":"2020-08-31T09:30:31","date_gmt":"2020-08-31T09:30:31","guid":{"rendered":"https:\/\/interreg-core.eu\/politca-de-cookies\/"},"modified":"2020-12-13T11:09:44","modified_gmt":"2020-12-13T11:09:44","slug":"politca-de-cookies","status":"publish","type":"page","link":"https:\/\/interreg-core.eu\/gl\/politca-de-cookies\/","title":{"rendered":"Pol\u00edtica de Cookies"},"content":{"rendered":"<h1><b>POL\u00cdTICA DE COOKIES<\/b><\/h1>\n<p>&nbsp;<\/p>\n<h2><b>Que son as cookies e por que se utilizan?<\/b><\/h2>\n<p><span style=\"font-weight: 400;\">Unha cookie \u00e9 un ficheiro que se descarga no dispositivo do usuario para acceder a un determinado sitio web co fin de almacenar e recuperar informaci\u00f3n sobre a navegaci\u00f3n que se realiza no ordenador.<\/span><\/p>\n<p><span style=\"font-weight: 400;\">As cookies permiten a este sitio web, entre outras cousas, almacenar e recuperar informaci\u00f3n sobre as opci\u00f3ns e os h\u00e1bitos do usuario.\u00a0As cookies que existen neste sitio web son necesarias para o seu funcionamento.<\/span><\/p>\n<p><span style=\"font-weight: 400;\">\u00c9 importante ter en conta que o uso de cookies non proporciona datos persoais do usuario.<\/span><\/p>\n<p>&nbsp;<\/p>\n<p>&nbsp;<\/p>\n<h2><b>Que tipo de cookies existen?<\/b><\/h2>\n<p><span style=\"font-weight: 400;\">As cookies, en funci\u00f3n do tempo que permanecen activadas, poden dividirse en cookies de sesi\u00f3n ou permanentes:<\/span><\/p>\n<ul>\n<li style=\"font-weight: 400;\"><b>Cookies de sesi\u00f3n: <\/b><span style=\"font-weight: 400;\">os datos que recollen e almacenan estas cookies recomp\u00edlanse mentres o usuario navega pola p\u00e1xina web, e elim\u00ednanse ao pechar o navegador. Ad\u00f3itanse empregar para almacenar informaci\u00f3n que interesa conservar para a prestaci\u00f3n do servizo solicitado polo usuario nunha \u00fanica ocasi\u00f3n.<\/span><\/li>\n<li style=\"font-weight: 400;\"><b>Cookies permanentes:<\/b><span style=\"font-weight: 400;\"> mediante estas cookies, os datos contin\u00faan almacenados no terminal<\/span> <span style=\"font-weight: 400;\">durante un per\u00edodo de tempo determinado. Isto facilita o control das preferencias elixidas sen ter que repetir certos par\u00e1metros cada vez que se visite o sitio web.<\/span><\/li>\n<\/ul>\n<h1><\/h1>\n<p><span style=\"font-weight: 400;\">Adicionalmente, segundo a entidade que as xestione, as cookies poden clasificarse en propias ou de terceiros:<\/span><\/p>\n<ul>\n<li style=\"font-weight: 400;\"><b>Cookies propias: <\/b><span style=\"font-weight: 400;\">estas cookies env\u00edanse ao equipo terminal do usuario desde un equipo ou dominio xestionado polo propio editor, desde o que se presta o servizo solicitado polo usuario.\u00a0<\/span><\/li>\n<li style=\"font-weight: 400;\"><b>Cookies de terceiros:<\/b><span style=\"font-weight: 400;\"> estas cookies env\u00edanse ao equipo terminal do usuario desde un equipo ou dominio que non xestiona o editor, sen\u00f3n outra entidade que trata os datos obtidos a trav\u00e9s das cookies.<\/span><\/li>\n<\/ul>\n<h1><\/h1>\n<p><span style=\"font-weight: 400;\">Respecto \u00e1 s\u00faa finalidade, as cookies poden ser:<\/span><\/p>\n<ul>\n<li style=\"font-weight: 400;\"><b>Cookies t\u00e9cnicas: <\/b><span style=\"font-weight: 400;\">estas cookies permiten controlar o tr\u00e1fico e a comunicaci\u00f3n de datos.<\/span><\/li>\n<li style=\"font-weight: 400;\"><b>Cookies de personalizaci\u00f3n: <\/b><span style=\"font-weight: 400;\">estas cookies permiten acceso aos usuarios segundo algunhas caracter\u00edsticas propias que se recollen (navegador, idioma, etc.).<\/span><\/li>\n<li style=\"font-weight: 400;\"><b>Cookies de an\u00e1lise: <\/b><span style=\"font-weight: 400;\">estas cookies permiten ao seu responsable o seguimento e an\u00e1lise do comportamento dos usuarios dos sitios web, e permiten elaborar un perfil de usuario.\u00a0<\/span><\/li>\n<li style=\"font-weight: 400;\"><b>Cookies publicitarias:<\/b> <span style=\"font-weight: 400;\">estas cookies recollen datos sobre a xesti\u00f3n dos espazos publicitarios.<\/span><\/li>\n<\/ul>\n<h1><\/h1>\n<h2><b>Que tipo de cookies utiliza a web?<\/b><\/h2>\n<p><span style=\"font-weight: 400;\">O usuario pode consultar e configurar o uso das cookies da web no <a id=\"wt-cli-settings-btn\" tabindex=\"0\" role='button' style=\"display:inline-block; background:#fff; border-radius:2px; text-align:center; font-size:14px; padding:5px 8px; margin-left:10px; border:solid 1px #f4f4f9; line-height:18px;\" class=\"wt-cli-element medium cli-plugin-button cli-plugin-main-button cli_settings_button\" >CONFIGURACI\u00d3N DAS COOKIES<\/a>.<\/span><\/p>\n<p><span style=\"font-weight: 400;\">\u00c9 importante que o usuario te\u00f1a en conta que, malia que configure as cookies da web, algunhas das cookies instaladas son necesarias para poder utilizala correctamente. Estas cookies no requiren o seu consentimento nin xesti\u00f3n.<\/span><\/p>\n<p>&nbsp;<\/p>\n<p><span style=\"font-weight: 400;\"><table class=\"wt-cli-element cookielawinfo-row-cat-table cookielawinfo-classic\"><thead><tr><th scope=\"col\" class=\"cookielawinfo-column-1\">Cookie<\/th><th scope=\"col\" class=\"cookielawinfo-column-2\">Type<\/th><th scope=\"col\" class=\"cookielawinfo-column-3\">Duration<\/th><th scope=\"col\" class=\"cookielawinfo-column-4\">Description<\/th><\/tr><\/thead><tbody><tr class=\"cookielawinfo-row\"><td class=\"cookielawinfo-column-1\">_ga<\/td><td class=\"cookielawinfo-column-2\">persistent<\/td><td class=\"cookielawinfo-column-3\">2 anos<\/td><td class=\"cookielawinfo-column-4\">Esta cookie est\u00e1 instalada por Google Analytics. A cookie \u00fasase para calcular datos de visitantes, sesi\u00f3n, camapign e facer un seguimento do uso do sitio para o informe de an\u00e1lise do sitio. As cookies almacenan informaci\u00f3n de forma an\u00f3nima e asignan un n\u00famero xerado de xeito randoly para identificar visitantes \u00fanicos.<\/td><\/tr><tr class=\"cookielawinfo-row\"><td class=\"cookielawinfo-column-1\">_gat_gtag_UA_65990622_40<\/td><td class=\"cookielawinfo-column-2\">persistent<\/td><td class=\"cookielawinfo-column-3\">1 minuto<\/td><td class=\"cookielawinfo-column-4\">Google usa esta cookie para distinguir aos usuarios.<\/td><\/tr><tr class=\"cookielawinfo-row\"><td class=\"cookielawinfo-column-1\">_gid<\/td><td class=\"cookielawinfo-column-2\">persistent<\/td><td class=\"cookielawinfo-column-3\">1 d\u00eda<\/td><td class=\"cookielawinfo-column-4\">Esta cookie est\u00e1 instalada por Google Analytics. A cookie \u00fasase para almacenar informaci\u00f3n de como os visitantes usan un sitio web e axuda a crear un informe anal\u00edtico de como vai o sitio web. Os datos recollidos inclu\u00edron o n\u00famero de visitantes, a fonte de onde procederon e as p\u00e1xinas visitadas de forma an\u00f3nima.<\/td><\/tr><tr class=\"cookielawinfo-row\"><td class=\"cookielawinfo-column-1\">cookielawinfo-checkbox-necessary<\/td><td class=\"cookielawinfo-column-2\">0<\/td><td class=\"cookielawinfo-column-3\">11 meses<\/td><td class=\"cookielawinfo-column-4\">Esta cookie est\u00e1 configurada polo complemento GDPR Cookie Consent. As cookies \u00fasanse para almacenar o consentimento do usuario para as cookies na categor\u00eda \"Necesarias\".<\/td><\/tr><tr class=\"cookielawinfo-row\"><td class=\"cookielawinfo-column-1\">cookielawinfo-checkbox-non-necessary<\/td><td class=\"cookielawinfo-column-2\">0<\/td><td class=\"cookielawinfo-column-3\">11 meses<\/td><td class=\"cookielawinfo-column-4\">Esta cookie est\u00e1 configurada polo complemento GDPR Cookie Consent. As cookies \u00fasanse para almacenar o consentimento do usuario para as cookies na categor\u00eda \"Non necesarias\".<\/td><\/tr><tr class=\"cookielawinfo-row\"><td class=\"cookielawinfo-column-1\">GPS<\/td><td class=\"cookielawinfo-column-2\">persistent<\/td><td class=\"cookielawinfo-column-3\">30 minutos<\/td><td class=\"cookielawinfo-column-4\">Estas cookies son establecidas por Youtube e \u00fasanse para rastrexar as visualizaci\u00f3ns de v\u00eddeos incrustados.<\/td><\/tr><tr class=\"cookielawinfo-row\"><td class=\"cookielawinfo-column-1\">IDE<\/td><td class=\"cookielawinfo-column-2\">1<\/td><td class=\"cookielawinfo-column-3\">2 anos<\/td><td class=\"cookielawinfo-column-4\">Usado por Google DoubleClick e almacena informaci\u00f3n sobre como o usuario usa o sitio web e calquera outro anuncio antes de visitar o sitio web. \u00dasase para presentar aos usuarios anuncios que sexan relevantes para eles segundo o perfil do usuario.<\/td><\/tr><tr class=\"cookielawinfo-row\"><td class=\"cookielawinfo-column-1\">PHPSESSID<\/td><td class=\"cookielawinfo-column-2\">persistent<\/td><td class=\"cookielawinfo-column-3\">1 ano<\/td><td class=\"cookielawinfo-column-4\">Esta cookie \u00e9 nativa de aplicaci\u00f3ns PHP. A cookie \u00fasase para almacenar e identificar o ID de sesi\u00f3n \u00fanico dos usuarios co prop\u00f3sito de xestionar a sesi\u00f3n do usuario no sitio web. A cookie \u00e9 unha cookie de sesi\u00f3n e elim\u00ednase cando se pechan todas as fiestras do navegador.<\/td><\/tr><tr class=\"cookielawinfo-row\"><td class=\"cookielawinfo-column-1\">test_cookie<\/td><td class=\"cookielawinfo-column-2\">0<\/td><td class=\"cookielawinfo-column-3\">11 meses<\/td><td class=\"cookielawinfo-column-4\">Cookie para probar o complemento GDPR cookie Consent<\/td><\/tr><tr class=\"cookielawinfo-row\"><td class=\"cookielawinfo-column-1\">viewed_cookie_policy<\/td><td class=\"cookielawinfo-column-2\">0<\/td><td class=\"cookielawinfo-column-3\">11 meses<\/td><td class=\"cookielawinfo-column-4\">A cookie est\u00e1 configurada polo complemento GDPR Cookie Consent e \u00fasase para almacenar se o usuario consentiu ou non o uso de cookies. Non almacena ning\u00fan dato persoal.<\/td><\/tr><tr class=\"cookielawinfo-row\"><td class=\"cookielawinfo-column-1\">VISITOR_INFO1_LIVE<\/td><td class=\"cookielawinfo-column-2\">1<\/td><td class=\"cookielawinfo-column-3\">5 meses<\/td><td class=\"cookielawinfo-column-4\">Esta cookie est\u00e1 configurada por Youtube. \u00dasase para rastrexar a informaci\u00f3n dos v\u00eddeos de YouTube incrustados nun sitio web.<\/td><\/tr><tr class=\"cookielawinfo-row\"><td class=\"cookielawinfo-column-1\">wp-wpml_current_language<\/td><td class=\"cookielawinfo-column-2\">persistent<\/td><td class=\"cookielawinfo-column-3\">1 d\u00eda<\/td><td class=\"cookielawinfo-column-4\">Esta cookie \u00fasase para almacenar as preferencias de idioma dun usuario para ofrecer contido nese idioma almacenado a pr\u00f3xima vez que o usuario visite o sitio web.<\/td><\/tr><tr class=\"cookielawinfo-row\"><td class=\"cookielawinfo-column-1\">YSC<\/td><td class=\"cookielawinfo-column-2\">1<\/td><td class=\"cookielawinfo-column-3\">1 ano<\/td><td class=\"cookielawinfo-column-4\">Estas cookies son establecidas por Youtube e \u00fasanse para rastrexar as visualizaci\u00f3ns de v\u00eddeos incrustados.<\/td><\/tr><\/tbody><\/table><\/span><\/p>\n<p>&nbsp;<\/p>\n<h2><b>Como deshabilitar as cookies no seu navegador?<\/b><\/h2>\n<p><span style=\"font-weight: 400;\">A configuraci\u00f3n das cookies refl\u00edctese no navegador escollido polo usuario, e proporci\u00f3naselle informaci\u00f3n adicional sobre como pode permitir, bloquear ou eliminar as cookies instaladas no seu equipo mediante a configuraci\u00f3n das opci\u00f3ns do navegador instalado no seu ordenador. Por favor, lea atentamente a secci\u00f3n de axuda do seu navegador para obter informaci\u00f3n acerca de como activar o \u201cmodo privado\u201d ou desbloquear determinadas cookies.<\/span><\/p>\n<ul>\n<li style=\"font-weight: 400;\"><span style=\"font-weight: 400;\">Informaci\u00f3n sobre cookies para\u00a0<\/span><a href=\"https:\/\/support.microsoft.com\/es-es\/help\/17442\/windows-internet-explorer-delete-manage-cookies\"><span style=\"font-weight: 400;\">Internet Explorer<\/span><\/a><span style=\"font-weight: 400;\">.<\/span><\/li>\n<li style=\"font-weight: 400;\"><span style=\"font-weight: 400;\">Informaci\u00f3n sobre cookies para\u00a0<\/span><a href=\"https:\/\/support.mozilla.org\/es\/kb\/habilitar-y-deshabilitar-cookies-que-los-sitios-we\"><span style=\"font-weight: 400;\">Mozilla Firefox<\/span><\/a><span style=\"font-weight: 400;\">.<\/span><\/li>\n<li style=\"font-weight: 400;\"><span style=\"font-weight: 400;\">Informaci\u00f3n sobre cookies para\u00a0<\/span><a href=\"http:\/\/help.opera.com\/Windows\/11.50\/es-ES\/cookies.html\"><span style=\"font-weight: 400;\">Opera<\/span><\/a><span style=\"font-weight: 400;\">.<\/span><\/li>\n<li style=\"font-weight: 400;\"><span style=\"font-weight: 400;\">Informaci\u00f3n sobre cookies para\u00a0<\/span><a href=\"https:\/\/support.google.com\/accounts\/answer\/61416?hl=es\"><span style=\"font-weight: 400;\">Google Chrome<\/span><\/a><span style=\"font-weight: 400;\">.<\/span><\/li>\n<li style=\"font-weight: 400;\"><span style=\"font-weight: 400;\">Informaci\u00f3n sobre cookies para\u00a0<\/span><a href=\"https:\/\/support.apple.com\/es-es\/HT201265\"><span style=\"font-weight: 400;\">Safari<\/span><\/a><span style=\"font-weight: 400;\">.<\/span><\/li>\n<\/ul>\n<h1><\/h1>\n<h2><b>Informaci\u00f3n adicional<\/b><\/h2>\n<p><span style=\"font-weight: 400;\">Para obter m\u00e1is informaci\u00f3n sobre o uso das cookies e como bloquealas, acceda a <\/span><a href=\"http:\/\/www.allaboutcookies.org\"><span style=\"font-weight: 400;\">www.allaboutcookies.org<\/span><\/a><span style=\"font-weight: 400;\">, <\/span><a href=\"http:\/\/www.youronlinechoices.eu\"><span style=\"font-weight: 400;\">www.youronlinechoices.eu<\/span><\/a><span style=\"font-weight: 400;\">. Se ten algunha pregunta ou comentario acerca do noso uso de cookies, p\u00f3\u00f1ase en contacto connosco v\u00eda correo electr\u00f3nico a <\/span><a href=\"mailto:legal@eurecat.org\"><b>legal@eurecat.org<\/b><\/a> <span style=\"font-weight: 400;\">como responsable da web ou como provedor do servizo de xesti\u00f3n web.<\/span><\/p>\n<h1><\/h1>\n","protected":false},"excerpt":{"rendered":"<p>POL\u00cdTICA DE COOKIES &nbsp; Que son as cookies e por que se utilizan? Unha cookie \u00e9 un ficheiro que se descarga no dispositivo do usuario para acceder a un determinado [&hellip;]<\/p>\n","protected":false},"author":7,"featured_media":0,"parent":0,"menu_order":0,"comment_status":"closed","ping_status":"closed","template":"","meta":{"footnotes":""},"class_list":["post-5613","page","type-page","status-publish","hentry"],"yoast_head":"<!-- This site is optimized with the Yoast SEO plugin v27.2 - https:\/\/yoast.com\/product\/yoast-seo-wordpress\/ -->\n<title>Pol\u00edtica de Cookies - Interreg | Core<\/title>\n<meta name=\"robots\" content=\"index, follow, max-snippet:-1, max-image-preview:large, max-video-preview:-1\" \/>\n<link rel=\"canonical\" href=\"https:\/\/interreg-core.eu\/gl\/politca-de-cookies\/\" \/>\n<meta property=\"og:locale\" content=\"gl_ES\" \/>\n<meta property=\"og:type\" content=\"article\" \/>\n<meta property=\"og:title\" content=\"Pol\u00edtica de Cookies - Interreg | Core\" \/>\n<meta property=\"og:description\" content=\"POL\u00cdTICA DE COOKIES &nbsp; Que son as cookies e por que se utilizan? Unha cookie \u00e9 un ficheiro que se descarga no dispositivo do usuario para acceder a un determinado [&hellip;]\" \/>\n<meta property=\"og:url\" content=\"https:\/\/interreg-core.eu\/gl\/politca-de-cookies\/\" \/>\n<meta property=\"og:site_name\" content=\"Interreg | Core\" \/>\n<meta property=\"article:modified_time\" content=\"2020-12-13T11:09:44+00:00\" \/>\n<meta name=\"twitter:card\" content=\"summary_large_image\" \/>\n<meta name=\"twitter:label1\" content=\"Tempo de lectura\" \/>\n\t<meta name=\"twitter:data1\" content=\"3 minutos\" \/>\n<script type=\"application\/ld+json\" class=\"yoast-schema-graph\">{\"@context\":\"https:\/\/schema.org\",\"@graph\":[{\"@type\":\"WebPage\",\"@id\":\"https:\/\/interreg-core.eu\/gl\/politca-de-cookies\/\",\"url\":\"https:\/\/interreg-core.eu\/gl\/politca-de-cookies\/\",\"name\":\"Pol\u00edtica de Cookies - Interreg | Core\",\"isPartOf\":{\"@id\":\"https:\/\/interreg-core.eu\/gl\/#website\"},\"datePublished\":\"2020-08-31T09:30:31+00:00\",\"dateModified\":\"2020-12-13T11:09:44+00:00\",\"breadcrumb\":{\"@id\":\"https:\/\/interreg-core.eu\/gl\/politca-de-cookies\/#breadcrumb\"},\"inLanguage\":\"gl-ES\",\"potentialAction\":[{\"@type\":\"ReadAction\",\"target\":[\"https:\/\/interreg-core.eu\/gl\/politca-de-cookies\/\"]}]},{\"@type\":\"BreadcrumbList\",\"@id\":\"https:\/\/interreg-core.eu\/gl\/politca-de-cookies\/#breadcrumb\",\"itemListElement\":[{\"@type\":\"ListItem\",\"position\":1,\"name\":\"Portada\",\"item\":\"https:\/\/interreg-core.eu\/gl\/\"},{\"@type\":\"ListItem\",\"position\":2,\"name\":\"Pol\u00edtica de Cookies\"}]},{\"@type\":\"WebSite\",\"@id\":\"https:\/\/interreg-core.eu\/gl\/#website\",\"url\":\"https:\/\/interreg-core.eu\/gl\/\",\"name\":\"Interreg | Core\",\"description\":\"Interreg | Core\",\"potentialAction\":[{\"@type\":\"SearchAction\",\"target\":{\"@type\":\"EntryPoint\",\"urlTemplate\":\"https:\/\/interreg-core.eu\/gl\/?s={search_term_string}\"},\"query-input\":{\"@type\":\"PropertyValueSpecification\",\"valueRequired\":true,\"valueName\":\"search_term_string\"}}],\"inLanguage\":\"gl-ES\"}]}<\/script>\n<!-- \/ Yoast SEO plugin. -->","yoast_head_json":{"title":"Pol\u00edtica de Cookies - Interreg | Core","robots":{"index":"index","follow":"follow","max-snippet":"max-snippet:-1","max-image-preview":"max-image-preview:large","max-video-preview":"max-video-preview:-1"},"canonical":"https:\/\/interreg-core.eu\/gl\/politca-de-cookies\/","og_locale":"gl_ES","og_type":"article","og_title":"Pol\u00edtica de Cookies - Interreg | Core","og_description":"POL\u00cdTICA DE COOKIES &nbsp; Que son as cookies e por que se utilizan? Unha cookie \u00e9 un ficheiro que se descarga no dispositivo do usuario para acceder a un determinado [&hellip;]","og_url":"https:\/\/interreg-core.eu\/gl\/politca-de-cookies\/","og_site_name":"Interreg | Core","article_modified_time":"2020-12-13T11:09:44+00:00","twitter_card":"summary_large_image","twitter_misc":{"Tempo de lectura":"3 minutos"},"schema":{"@context":"https:\/\/schema.org","@graph":[{"@type":"WebPage","@id":"https:\/\/interreg-core.eu\/gl\/politca-de-cookies\/","url":"https:\/\/interreg-core.eu\/gl\/politca-de-cookies\/","name":"Pol\u00edtica de Cookies - Interreg | Core","isPartOf":{"@id":"https:\/\/interreg-core.eu\/gl\/#website"},"datePublished":"2020-08-31T09:30:31+00:00","dateModified":"2020-12-13T11:09:44+00:00","breadcrumb":{"@id":"https:\/\/interreg-core.eu\/gl\/politca-de-cookies\/#breadcrumb"},"inLanguage":"gl-ES","potentialAction":[{"@type":"ReadAction","target":["https:\/\/interreg-core.eu\/gl\/politca-de-cookies\/"]}]},{"@type":"BreadcrumbList","@id":"https:\/\/interreg-core.eu\/gl\/politca-de-cookies\/#breadcrumb","itemListElement":[{"@type":"ListItem","position":1,"name":"Portada","item":"https:\/\/interreg-core.eu\/gl\/"},{"@type":"ListItem","position":2,"name":"Pol\u00edtica de Cookies"}]},{"@type":"WebSite","@id":"https:\/\/interreg-core.eu\/gl\/#website","url":"https:\/\/interreg-core.eu\/gl\/","name":"Interreg | Core","description":"Interreg | Core","potentialAction":[{"@type":"SearchAction","target":{"@type":"EntryPoint","urlTemplate":"https:\/\/interreg-core.eu\/gl\/?s={search_term_string}"},"query-input":{"@type":"PropertyValueSpecification","valueRequired":true,"valueName":"search_term_string"}}],"inLanguage":"gl-ES"}]}},"_links":{"self":[{"href":"https:\/\/interreg-core.eu\/gl\/wp-json\/wp\/v2\/pages\/5613","targetHints":{"allow":["GET"]}}],"collection":[{"href":"https:\/\/interreg-core.eu\/gl\/wp-json\/wp\/v2\/pages"}],"about":[{"href":"https:\/\/interreg-core.eu\/gl\/wp-json\/wp\/v2\/types\/page"}],"author":[{"embeddable":true,"href":"https:\/\/interreg-core.eu\/gl\/wp-json\/wp\/v2\/users\/7"}],"replies":[{"embeddable":true,"href":"https:\/\/interreg-core.eu\/gl\/wp-json\/wp\/v2\/comments?post=5613"}],"version-history":[{"count":2,"href":"https:\/\/interreg-core.eu\/gl\/wp-json\/wp\/v2\/pages\/5613\/revisions"}],"predecessor-version":[{"id":5614,"href":"https:\/\/interreg-core.eu\/gl\/wp-json\/wp\/v2\/pages\/5613\/revisions\/5614"}],"wp:attachment":[{"href":"https:\/\/interreg-core.eu\/gl\/wp-json\/wp\/v2\/media?parent=5613"}],"curies":[{"name":"wp","href":"https:\/\/api.w.org\/{rel}","templated":true}]}}