{"id":5159,"date":"2020-08-31T09:30:31","date_gmt":"2020-08-31T09:30:31","guid":{"rendered":"https:\/\/interreg-core.eu\/politica-de-cookies\/"},"modified":"2020-12-13T11:01:53","modified_gmt":"2020-12-13T11:01:53","slug":"politique-de-cookies","status":"publish","type":"page","link":"https:\/\/interreg-core.eu\/fr\/politique-de-cookies\/","title":{"rendered":"Politique de cookies"},"content":{"rendered":"<h2><b>POLITIQUE RELATIVE AUX COOKIES\u00a0<\/b><\/h2>\n<h4><\/h4>\n<h2><\/h2>\n<h2><b>Qu&rsquo;est-ce qu&rsquo;un cookie et \u00e0 quoi sert-il ?<\/b><\/h2>\n<p><span style=\"font-weight: 400;\">Un cookie est un fichier qui est t\u00e9l\u00e9charg\u00e9 sur le terminal de l&rsquo;utilisateur lorsque celui-ci acc\u00e8de \u00e0 certains sites Web, qui stocke et r\u00e9cup\u00e8re des informations relatives \u00e0 son activit\u00e9 de navigation sur son ordinateur.\u00a0<\/span><\/p>\n<p><span style=\"font-weight: 400;\">Les cookies permettent au pr\u00e9sent site Web, entre autres, de stocker et d&rsquo;extraire des informations relatives aux d\u00e9cisions et habitudes de l&rsquo;utilisateur. Les cookies utilis\u00e9s sur ce site Web sont n\u00e9cessaires \u00e0 son fonctionnement.\u00a0<\/span><\/p>\n<p><span style=\"font-weight: 400;\">Il est important de souligner que les cookies ne permettent pas d&rsquo;acc\u00e9der aux informations personnelles de l&rsquo;utilisateur.\u00a0<\/span><\/p>\n<h2><\/h2>\n<h2><b>Quels sont les diff\u00e9rents cookies existants ?<\/b><\/h2>\n<p><span style=\"font-weight: 400;\"><br \/>\n<\/span><span style=\"font-weight: 400;\">Selon leur dur\u00e9e d&rsquo;activit\u00e9, les cookies rel\u00e8vent de deux cat\u00e9gories : les cookies de session ou les cookies persistants.\u00a0<\/span><\/p>\n<h4><\/h4>\n<ul>\n<li style=\"font-weight: 400;\"><b>Cookies de session<\/b><span style=\"font-weight: 400;\">\u00a0: visent \u00e0 collecter et stocker des donn\u00e9es lorsque l&rsquo;utilisateur acc\u00e8de \u00e0 un site Web et sont supprim\u00e9s \u00e0 la fermeture du navigateur. Ils sont g\u00e9n\u00e9ralement utilis\u00e9s pour stocker des informations qui n&rsquo;ont pas besoin d&rsquo;\u00eatre conserv\u00e9es pour fournir le service requis par l&rsquo;utilisateur ou qui ne r\u00e9pondent qu&rsquo;\u00e0 un usage ponctuel.\u00a0<\/span><\/li>\n<li style=\"font-weight: 400;\"><b>Cookies persistants\u00a0<\/b><b>: avec ces cookies, les donn\u00e9es sont<\/b><span style=\"font-weight: 400;\"> stock\u00e9es sur le terminal pendant une p\u00e9riode donn\u00e9e, facilitant ainsi le contr\u00f4le des pr\u00e9f\u00e9rences de l&rsquo;utilisateur, qui n&rsquo;a pas besoin de red\u00e9finir certains param\u00e8tres chaque fois qu&rsquo;il acc\u00e8de au site Web.<\/span><\/li>\n<\/ul>\n<h4><\/h4>\n<p><span style=\"font-weight: 400;\">En outre, selon l&rsquo;entit\u00e9 qui les g\u00e8re, les cookies peuvent \u00eatre class\u00e9s en cookies internes ou en cookies tiers.\u00a0<\/span><\/p>\n<ul>\n<li style=\"font-weight: 400;\"><span style=\"font-weight: 400;\">Les<\/span> <b>cookies internes<\/b> <span style=\"font-weight: 400;\">sont<\/span> <span style=\"font-weight: 400;\">envoy\u00e9s sur le terminal de l&rsquo;utilisateur \u00e0 partir d&rsquo;un ordinateur ou d&rsquo;un domaine g\u00e9r\u00e9 par l&rsquo;\u00e9diteur du site Web et utilis\u00e9 pour fournir le service requis par l&rsquo;utilisateur.\u00a0<\/span><\/li>\n<li style=\"font-weight: 400;\"><span style=\"font-weight: 400;\">Les<\/span> <b>cookies tiers<\/b> <span style=\"font-weight: 400;\">sont envoy\u00e9s sur le terminal de l&rsquo;utilisateur \u00e0 partir d&rsquo;un ordinateur ou d&rsquo;un domaine qui n&rsquo;est pas g\u00e9r\u00e9 par l&rsquo;\u00e9diteur du site Web, mais par une autre entit\u00e9 qui utilise les donn\u00e9es obtenues par le biais des cookies.<\/span><\/li>\n<\/ul>\n<h4><\/h4>\n<p><span style=\"font-weight: 400;\">Les cookies r\u00e9pondent \u00e0 diverses finalit\u00e9s :<\/span><\/p>\n<ul>\n<li style=\"font-weight: 400;\"><b>Cookies techniques :<\/b><span style=\"font-weight: 400;\"> les cookies techniques permettent de contr\u00f4ler le trafic et la communication des donn\u00e9es.<\/span><\/li>\n<\/ul>\n<ul>\n<li style=\"font-weight: 400;\"><b>Cookies de profilage :<\/b><span style=\"font-weight: 400;\"> les cookies de profilage autorisent l&rsquo;acc\u00e8s des utilisateurs en fonction de diff\u00e9rents crit\u00e8res propres au terminal de l&rsquo;utilisateur tels que la langue, les param\u00e8tres, etc.<\/span><\/li>\n<\/ul>\n<ul>\n<li style=\"font-weight: 400;\"><b>Cookies analytiques :<\/b><span style=\"font-weight: 400;\"> les cookies analytiques permettent au propri\u00e9taire du site Web de suivre et d&rsquo;analyser le comportement des utilisateurs des sites Web et de cr\u00e9er un profil d&rsquo;utilisateur.<\/span><\/li>\n<\/ul>\n<ul>\n<li style=\"font-weight: 400;\"><b>Cookies publicitaires :<\/b><span style=\"font-weight: 400;\"> les cookies publicitaires collectent des donn\u00e9es relatives \u00e0 la gestion des espaces publicitaires.\u00a0<\/span><\/li>\n<\/ul>\n<h4><\/h4>\n<h2><b>\u00a0Quelles cookies sont utilis\u00e9es sur le site Web\u00a0?<\/b><\/h2>\n<p><span style=\"font-weight: 400;\">L&rsquo;utilisateur peut consulter et param\u00e9trer les cookies du site Web dans l&rsquo;outil de configuration des cookies. <a id=\"wt-cli-settings-btn\" tabindex=\"0\" role='button' style=\"display:inline-block; background:#fff; border-radius:2px; text-align:center; font-size:14px; padding:5px 8px; margin-left:10px; border:solid 1px #f4f4f9; line-height:18px;\" class=\"wt-cli-element medium cli-plugin-button cli-plugin-main-button cli_settings_button\" >CONFIGURER LES COOKIES<\/a><\/span><\/p>\n<p><span style=\"font-weight: 400;\">L&rsquo;utilisateur doit garder \u00e0 l&rsquo;esprit que, m\u00eame s&rsquo;il configure les cookies du site Web, certains cookies install\u00e9s sont requis pour le bon fonctionnement du site Web, et que ces cookies ne requi\u00e8rent pas le consentement de l&rsquo;utilisateur ni d&rsquo;intervention de sa part.<\/span><\/p>\n<h4><span style=\"font-weight: 400;\"><table class=\"wt-cli-element cookielawinfo-row-cat-table cookielawinfo-classic\"><thead><tr><th scope=\"col\" class=\"cookielawinfo-column-1\">Cookie<\/th><th scope=\"col\" class=\"cookielawinfo-column-2\">Type<\/th><th scope=\"col\" class=\"cookielawinfo-column-3\">Dur\u00e9e<\/th><th scope=\"col\" class=\"cookielawinfo-column-4\">Description<\/th><\/tr><\/thead><tbody><tr class=\"cookielawinfo-row\"><td class=\"cookielawinfo-column-1\">_ga<\/td><td class=\"cookielawinfo-column-2\">persistent<\/td><td class=\"cookielawinfo-column-3\">2 ans<\/td><td class=\"cookielawinfo-column-4\">Ce cookie est install\u00e9 par Google Analytics. Le cookie est utilis\u00e9 pour calculer les donn\u00e9es de visiteur, de session, de camapign et de garder une trace de l'utilisation du site pour le rapport d'analyse du site. Les cookies stockent des informations de mani\u00e8re anonyme et attribuent un num\u00e9ro g\u00e9n\u00e9r\u00e9 par Randoly pour identifier les visiteurs uniques.<\/td><\/tr><tr class=\"cookielawinfo-row\"><td class=\"cookielawinfo-column-1\">_gat_gtag_UA_65990622_40<\/td><td class=\"cookielawinfo-column-2\">persistent<\/td><td class=\"cookielawinfo-column-3\">1 minute<\/td><td class=\"cookielawinfo-column-4\">Google utilise ce cookie pour distinguer les utilisateurs.<\/td><\/tr><tr class=\"cookielawinfo-row\"><td class=\"cookielawinfo-column-1\">_gid<\/td><td class=\"cookielawinfo-column-2\">persistent<\/td><td class=\"cookielawinfo-column-3\">1 jour<\/td><td class=\"cookielawinfo-column-4\">Ce cookie est install\u00e9 par Google Analytics. Le cookie est utilis\u00e9 pour stocker des informations sur la fa\u00e7on dont les visiteurs utilisent un site Web et aide \u00e0 cr\u00e9er un rapport d'analyse de la fa\u00e7on dont le site Web fonctionne. Les donn\u00e9es collect\u00e9es y compris le nombre de visiteurs, la source d'o\u00f9 ils viennent et les pages visit\u00e9es sous forme anonyme.<\/td><\/tr><tr class=\"cookielawinfo-row\"><td class=\"cookielawinfo-column-1\">cookielawinfo-checkbox-necessary<\/td><td class=\"cookielawinfo-column-2\">0<\/td><td class=\"cookielawinfo-column-3\">11 mois<\/td><td class=\"cookielawinfo-column-4\">Ce cookie est d\u00e9fini par le plugin GDPR Cookie Consent. Les cookies sont utilis\u00e9s pour stocker le consentement de l'utilisateur pour les cookies dans la cat\u00e9gorie \u00abN\u00e9cessaire\u00bb.<\/td><\/tr><tr class=\"cookielawinfo-row\"><td class=\"cookielawinfo-column-1\">cookielawinfo-checkbox-non-necessary<\/td><td class=\"cookielawinfo-column-2\">0<\/td><td class=\"cookielawinfo-column-3\">11 mois<\/td><td class=\"cookielawinfo-column-4\">Ce cookie est d\u00e9fini par le plugin GDPR Cookie Consent. Les cookies sont utilis\u00e9s pour stocker le consentement de l'utilisateur pour les cookies dans la cat\u00e9gorie \u00abNon n\u00e9cessaire\u00bb.<\/td><\/tr><tr class=\"cookielawinfo-row\"><td class=\"cookielawinfo-column-1\">GPS<\/td><td class=\"cookielawinfo-column-2\">persistent<\/td><td class=\"cookielawinfo-column-3\">30 minutes<\/td><td class=\"cookielawinfo-column-4\">Ces cookies sont d\u00e9finis par Youtube et sont utilis\u00e9s pour suivre les vues des vid\u00e9os int\u00e9gr\u00e9es.<\/td><\/tr><tr class=\"cookielawinfo-row\"><td class=\"cookielawinfo-column-1\">IDE<\/td><td class=\"cookielawinfo-column-2\">1<\/td><td class=\"cookielawinfo-column-3\">2 ans<\/td><td class=\"cookielawinfo-column-4\">Utilis\u00e9 par Google DoubleClick et stocke des informations sur la fa\u00e7on dont l'utilisateur utilise le site Web et toute autre publicit\u00e9 avant de visiter le site Web. Ceci est utilis\u00e9 pour pr\u00e9senter aux utilisateurs des publicit\u00e9s qui les concernent en fonction du profil de l'utilisateur.<\/td><\/tr><tr class=\"cookielawinfo-row\"><td class=\"cookielawinfo-column-1\">PHPSESSID<\/td><td class=\"cookielawinfo-column-2\">persistent<\/td><td class=\"cookielawinfo-column-3\">1 an<\/td><td class=\"cookielawinfo-column-4\">Ce cookie est natif des applications PHP. Le cookie est utilis\u00e9 pour stocker et identifier l'identifiant de session unique d'un utilisateur dans le but de g\u00e9rer la session utilisateur sur le site Web. Le cookie est un cookie de session et est supprim\u00e9 lorsque toutes les fen\u00eatres du navigateur sont ferm\u00e9es.<\/td><\/tr><tr class=\"cookielawinfo-row\"><td class=\"cookielawinfo-column-1\">test_cookie<\/td><td class=\"cookielawinfo-column-2\">0<\/td><td class=\"cookielawinfo-column-3\">11 mois<\/td><td class=\"cookielawinfo-column-4\">Cookie pour tester le plugin GDPR cookie Consent<\/td><\/tr><tr class=\"cookielawinfo-row\"><td class=\"cookielawinfo-column-1\">viewed_cookie_policy<\/td><td class=\"cookielawinfo-column-2\">0<\/td><td class=\"cookielawinfo-column-3\">11 mois<\/td><td class=\"cookielawinfo-column-4\">Le cookie est d\u00e9fini par le plugin GDPR Cookie Consent et est utilis\u00e9 pour stocker si l'utilisateur a consenti ou non \u00e0 l'utilisation de cookies. Il ne stocke aucune donn\u00e9e personnelle.<\/td><\/tr><tr class=\"cookielawinfo-row\"><td class=\"cookielawinfo-column-1\">VISITOR_INFO1_LIVE<\/td><td class=\"cookielawinfo-column-2\">1<\/td><td class=\"cookielawinfo-column-3\">5 mois<\/td><td class=\"cookielawinfo-column-4\">Ce cookie est d\u00e9fini par Youtube. Utilis\u00e9 pour suivre les informations des vid\u00e9os YouTube int\u00e9gr\u00e9es sur un site Web.<\/td><\/tr><tr class=\"cookielawinfo-row\"><td class=\"cookielawinfo-column-1\">wp-wpml_current_language<\/td><td class=\"cookielawinfo-column-2\">persistent<\/td><td class=\"cookielawinfo-column-3\">1 jour<\/td><td class=\"cookielawinfo-column-4\">Ce cookie est utilis\u00e9 pour stocker les pr\u00e9f\u00e9rences linguistiques d'un utilisateur afin de proposer un contenu dans cette langue stock\u00e9e la prochaine fois que l'utilisateur visite le site Web.<\/td><\/tr><tr class=\"cookielawinfo-row\"><td class=\"cookielawinfo-column-1\">YSC<\/td><td class=\"cookielawinfo-column-2\">1<\/td><td class=\"cookielawinfo-column-3\">1 an<\/td><td class=\"cookielawinfo-column-4\">Ces cookies sont d\u00e9finis par Youtube et sont utilis\u00e9s pour suivre les vues des vid\u00e9os int\u00e9gr\u00e9es.<\/td><\/tr><\/tbody><\/table><\/span><\/h4>\n<h2><\/h2>\n<h2><b>Comment d\u00e9sactiver les cookies dans le navigateur ?<\/b><\/h2>\n<p><span style=\"font-weight: 400;\">Bien que la configuration des cookies d\u00e9pende directement du navigateur utilis\u00e9, voici quelques informations suppl\u00e9mentaires permettant \u00e0 l&rsquo;utilisateur d&rsquo;autoriser, de bloquer ou d&rsquo;\u00e9liminer les cookies install\u00e9s sur son ordinateur via la configuration des options du navigateur install\u00e9. Veuillez lire attentivement la section d&rsquo;aide de votre navigateur pour en savoir sur l&rsquo;activation du \u00abmode priv\u00e9\u00a0\u00bb ou sur la proc\u00e9dure \u00e0 suivre pour d\u00e9bloquer certains cookies.<\/span><\/p>\n<p><span style=\"font-weight: 400;\">\u00a0<\/span><\/p>\n<ul>\n<li><b> Informations sur les cookies pour <\/b><span style=\"font-weight: 400;\">Internet Explorer<\/span><\/li>\n<li><b><\/b> <b>Information sur les cookies pour<\/b> <span style=\"font-weight: 400;\">Mozilla Firefox<\/span><\/li>\n<li><b><\/b> <b>Information sur les cookies pour<\/b> <span style=\"font-weight: 400;\">Opera<\/span><\/li>\n<li><b><\/b> <b>Information sur les cookies pour<\/b> <span style=\"font-weight: 400;\">Google Chrome<\/span><\/li>\n<li><b><\/b> <b>Information sur les cookies pour<\/b> <span style=\"font-weight: 400;\">Safari<\/span><\/li>\n<\/ul>\n<p>&nbsp;<\/p>\n<h2><b>Informations compl\u00e9mentaires<\/b><\/h2>\n<p><span style=\"font-weight: 400;\">P<\/span><span style=\"font-weight: 400;\">our en savoir plus sur les cookies et sur la proc\u00e9dure \u00e0 suivre pour les bloquer, rendez-vous sur la page <\/span><a href=\"http:\/\/www.allaboutcookies.org\"><span style=\"font-weight: 400;\">www.allaboutcookies.org<\/span><\/a><span style=\"font-weight: 400;\">, ou <\/span><a href=\"http:\/\/www.youronlinechoices.eu\"><span style=\"font-weight: 400;\">www.youronlinechoices.eu<\/span><\/a><span style=\"font-weight: 400;\">. Pour toute question ou tout commentaire sur les cookies utilis\u00e9es sur le pr\u00e9sent site Web, veuillez \u00e9crire \u00e0 l&rsquo;adresse <\/span><a href=\"mailto:info@eurecat.org\"><span style=\"font-weight: 400;\">info@eurecat.org<\/span><\/a><span style=\"font-weight: 400;\"> en qualit\u00e9 de responsable du site Web ou de prestataire du service de gestion du site Web.<\/span><\/p>\n<h4><\/h4>\n","protected":false},"excerpt":{"rendered":"<p>POLITIQUE RELATIVE AUX COOKIES\u00a0 Qu&rsquo;est-ce qu&rsquo;un cookie et \u00e0 quoi sert-il ? Un cookie est un fichier qui est t\u00e9l\u00e9charg\u00e9 sur le terminal de l&rsquo;utilisateur lorsque celui-ci acc\u00e8de \u00e0 certains [&hellip;]<\/p>\n","protected":false},"author":7,"featured_media":0,"parent":0,"menu_order":0,"comment_status":"closed","ping_status":"closed","template":"","meta":{"footnotes":""},"class_list":["post-5159","page","type-page","status-publish","hentry"],"yoast_head":"<!-- This site is optimized with the Yoast SEO plugin v27.2 - https:\/\/yoast.com\/product\/yoast-seo-wordpress\/ -->\n<title>Politique de cookies - Interreg | Core<\/title>\n<meta name=\"robots\" content=\"index, follow, max-snippet:-1, max-image-preview:large, max-video-preview:-1\" \/>\n<link rel=\"canonical\" href=\"https:\/\/interreg-core.eu\/fr\/politique-de-cookies\/\" \/>\n<meta property=\"og:locale\" content=\"fr_FR\" \/>\n<meta property=\"og:type\" content=\"article\" \/>\n<meta property=\"og:title\" content=\"Politique de cookies - Interreg | Core\" \/>\n<meta property=\"og:description\" content=\"POLITIQUE RELATIVE AUX COOKIES\u00a0 Qu&rsquo;est-ce qu&rsquo;un cookie et \u00e0 quoi sert-il ? Un cookie est un fichier qui est t\u00e9l\u00e9charg\u00e9 sur le terminal de l&rsquo;utilisateur lorsque celui-ci acc\u00e8de \u00e0 certains [&hellip;]\" \/>\n<meta property=\"og:url\" content=\"https:\/\/interreg-core.eu\/fr\/politique-de-cookies\/\" \/>\n<meta property=\"og:site_name\" content=\"Interreg | Core\" \/>\n<meta property=\"article:modified_time\" content=\"2020-12-13T11:01:53+00:00\" \/>\n<meta name=\"twitter:card\" content=\"summary_large_image\" \/>\n<meta name=\"twitter:label1\" content=\"Dur\u00e9e de lecture estim\u00e9e\" \/>\n\t<meta name=\"twitter:data1\" content=\"3 minutes\" \/>\n<script type=\"application\/ld+json\" class=\"yoast-schema-graph\">{\"@context\":\"https:\/\/schema.org\",\"@graph\":[{\"@type\":\"WebPage\",\"@id\":\"https:\/\/interreg-core.eu\/fr\/politique-de-cookies\/\",\"url\":\"https:\/\/interreg-core.eu\/fr\/politique-de-cookies\/\",\"name\":\"Politique de cookies - Interreg | Core\",\"isPartOf\":{\"@id\":\"https:\/\/interreg-core.eu\/fr\/#website\"},\"datePublished\":\"2020-08-31T09:30:31+00:00\",\"dateModified\":\"2020-12-13T11:01:53+00:00\",\"breadcrumb\":{\"@id\":\"https:\/\/interreg-core.eu\/fr\/politique-de-cookies\/#breadcrumb\"},\"inLanguage\":\"fr-FR\",\"potentialAction\":[{\"@type\":\"ReadAction\",\"target\":[\"https:\/\/interreg-core.eu\/fr\/politique-de-cookies\/\"]}]},{\"@type\":\"BreadcrumbList\",\"@id\":\"https:\/\/interreg-core.eu\/fr\/politique-de-cookies\/#breadcrumb\",\"itemListElement\":[{\"@type\":\"ListItem\",\"position\":1,\"name\":\"Portada\",\"item\":\"https:\/\/interreg-core.eu\/fr\/\"},{\"@type\":\"ListItem\",\"position\":2,\"name\":\"Politique de cookies\"}]},{\"@type\":\"WebSite\",\"@id\":\"https:\/\/interreg-core.eu\/fr\/#website\",\"url\":\"https:\/\/interreg-core.eu\/fr\/\",\"name\":\"Interreg | Core\",\"description\":\"Interreg | Core\",\"potentialAction\":[{\"@type\":\"SearchAction\",\"target\":{\"@type\":\"EntryPoint\",\"urlTemplate\":\"https:\/\/interreg-core.eu\/fr\/?s={search_term_string}\"},\"query-input\":{\"@type\":\"PropertyValueSpecification\",\"valueRequired\":true,\"valueName\":\"search_term_string\"}}],\"inLanguage\":\"fr-FR\"}]}<\/script>\n<!-- \/ Yoast SEO plugin. -->","yoast_head_json":{"title":"Politique de cookies - Interreg | Core","robots":{"index":"index","follow":"follow","max-snippet":"max-snippet:-1","max-image-preview":"max-image-preview:large","max-video-preview":"max-video-preview:-1"},"canonical":"https:\/\/interreg-core.eu\/fr\/politique-de-cookies\/","og_locale":"fr_FR","og_type":"article","og_title":"Politique de cookies - Interreg | Core","og_description":"POLITIQUE RELATIVE AUX COOKIES\u00a0 Qu&rsquo;est-ce qu&rsquo;un cookie et \u00e0 quoi sert-il ? Un cookie est un fichier qui est t\u00e9l\u00e9charg\u00e9 sur le terminal de l&rsquo;utilisateur lorsque celui-ci acc\u00e8de \u00e0 certains [&hellip;]","og_url":"https:\/\/interreg-core.eu\/fr\/politique-de-cookies\/","og_site_name":"Interreg | Core","article_modified_time":"2020-12-13T11:01:53+00:00","twitter_card":"summary_large_image","twitter_misc":{"Dur\u00e9e de lecture estim\u00e9e":"3 minutes"},"schema":{"@context":"https:\/\/schema.org","@graph":[{"@type":"WebPage","@id":"https:\/\/interreg-core.eu\/fr\/politique-de-cookies\/","url":"https:\/\/interreg-core.eu\/fr\/politique-de-cookies\/","name":"Politique de cookies - Interreg | Core","isPartOf":{"@id":"https:\/\/interreg-core.eu\/fr\/#website"},"datePublished":"2020-08-31T09:30:31+00:00","dateModified":"2020-12-13T11:01:53+00:00","breadcrumb":{"@id":"https:\/\/interreg-core.eu\/fr\/politique-de-cookies\/#breadcrumb"},"inLanguage":"fr-FR","potentialAction":[{"@type":"ReadAction","target":["https:\/\/interreg-core.eu\/fr\/politique-de-cookies\/"]}]},{"@type":"BreadcrumbList","@id":"https:\/\/interreg-core.eu\/fr\/politique-de-cookies\/#breadcrumb","itemListElement":[{"@type":"ListItem","position":1,"name":"Portada","item":"https:\/\/interreg-core.eu\/fr\/"},{"@type":"ListItem","position":2,"name":"Politique de cookies"}]},{"@type":"WebSite","@id":"https:\/\/interreg-core.eu\/fr\/#website","url":"https:\/\/interreg-core.eu\/fr\/","name":"Interreg | Core","description":"Interreg | Core","potentialAction":[{"@type":"SearchAction","target":{"@type":"EntryPoint","urlTemplate":"https:\/\/interreg-core.eu\/fr\/?s={search_term_string}"},"query-input":{"@type":"PropertyValueSpecification","valueRequired":true,"valueName":"search_term_string"}}],"inLanguage":"fr-FR"}]}},"_links":{"self":[{"href":"https:\/\/interreg-core.eu\/fr\/wp-json\/wp\/v2\/pages\/5159","targetHints":{"allow":["GET"]}}],"collection":[{"href":"https:\/\/interreg-core.eu\/fr\/wp-json\/wp\/v2\/pages"}],"about":[{"href":"https:\/\/interreg-core.eu\/fr\/wp-json\/wp\/v2\/types\/page"}],"author":[{"embeddable":true,"href":"https:\/\/interreg-core.eu\/fr\/wp-json\/wp\/v2\/users\/7"}],"replies":[{"embeddable":true,"href":"https:\/\/interreg-core.eu\/fr\/wp-json\/wp\/v2\/comments?post=5159"}],"version-history":[{"count":2,"href":"https:\/\/interreg-core.eu\/fr\/wp-json\/wp\/v2\/pages\/5159\/revisions"}],"predecessor-version":[{"id":5608,"href":"https:\/\/interreg-core.eu\/fr\/wp-json\/wp\/v2\/pages\/5159\/revisions\/5608"}],"wp:attachment":[{"href":"https:\/\/interreg-core.eu\/fr\/wp-json\/wp\/v2\/media?parent=5159"}],"curies":[{"name":"wp","href":"https:\/\/api.w.org\/{rel}","templated":true}]}}