{"id":4587,"date":"2020-04-22T15:29:25","date_gmt":"2020-04-22T15:29:25","guid":{"rendered":"https:\/\/interreg-core.eu\/offre-core\/colaboracion-abierta\/"},"modified":"2020-08-13T07:51:37","modified_gmt":"2020-08-13T07:51:37","slug":"collaboration-ouverte","status":"publish","type":"page","link":"https:\/\/interreg-core.eu\/fr\/offre-core\/collaboration-ouverte\/","title":{"rendered":"Collaboration ouverte"},"content":{"rendered":"<div class=\"flex_column av_one_full  flex_column_div av-zero-column-padding first  avia-builder-el-0  el_before_av_textblock  avia-builder-el-first  \" style='border-radius:0px; '><p><div  class='avia-image-container  av-styling-    avia-builder-el-1  el_before_av_heading  avia-builder-el-first  avia-align-center '  itemprop=\"image\" itemscope=\"itemscope\" itemtype=\"https:\/\/schema.org\/ImageObject\"  ><div class='avia-image-container-inner'><div class='avia-image-overlay-wrap'><img class='avia_image' src='https:\/\/interreg-core.eu\/wp-content\/uploads\/2020\/05\/camarera.jpg' alt='' title='camarera' height=\"322\" width=\"719\"  itemprop=\"thumbnailUrl\"  \/><\/div><\/div><\/div><br \/>\n<div  style='padding-bottom:10px; color:#1b4392;' class='av-special-heading av-special-heading-h2 custom-color-heading blockquote modern-quote  avia-builder-el-2  el_after_av_image  avia-builder-el-last  '><h2 class='av-special-heading-tag '  itemprop=\"headline\"  >Collaboration ouverte<\/h2><div class='special-heading-border'><div class='special-heading-inner-border' style='border-color:#1b4392'><\/div><\/div><\/div><\/p><\/div>\n<section class=\"av_textblock_section \"  itemscope=\"itemscope\" itemtype=\"https:\/\/schema.org\/CreativeWork\" ><div class='avia_textblock  '   itemprop=\"text\" ><p>Assistez aux\u00a0 sessions de participation \u201cCommerce 4.0\u201d, d\u00e9couvrez les bonnes pratiques existantes et les propositions les plus pertinentes pour la transformation num\u00e9rique de votre commerce.<\/p>\n<p>Si vous \u00eates int\u00e9ress\u00e9,\u00a0<a href=\"https:\/\/interreg-core.eu\/contacto\/\">demandez-nous des informations<\/a>.<\/p>\n<\/div><\/section>\n","protected":false},"excerpt":{"rendered":"","protected":false},"author":3,"featured_media":0,"parent":4560,"menu_order":0,"comment_status":"closed","ping_status":"closed","template":"","meta":{"footnotes":""},"class_list":["post-4587","page","type-page","status-publish","hentry"],"yoast_head":"<!-- This site is optimized with the Yoast SEO plugin v27.2 - https:\/\/yoast.com\/product\/yoast-seo-wordpress\/ -->\n<title>Collaboration ouverte - Interreg | Core<\/title>\n<meta name=\"robots\" content=\"index, follow, max-snippet:-1, max-image-preview:large, max-video-preview:-1\" \/>\n<link rel=\"canonical\" href=\"https:\/\/interreg-core.eu\/fr\/offre-core\/collaboration-ouverte\/\" \/>\n<meta property=\"og:locale\" content=\"fr_FR\" \/>\n<meta property=\"og:type\" content=\"article\" \/>\n<meta property=\"og:title\" content=\"Collaboration ouverte - Interreg | Core\" \/>\n<meta property=\"og:url\" content=\"https:\/\/interreg-core.eu\/fr\/offre-core\/collaboration-ouverte\/\" \/>\n<meta property=\"og:site_name\" content=\"Interreg | Core\" \/>\n<meta property=\"article:modified_time\" content=\"2020-08-13T07:51:37+00:00\" \/>\n<meta name=\"twitter:card\" content=\"summary_large_image\" \/>\n<meta name=\"twitter:label1\" content=\"Dur\u00e9e de lecture estim\u00e9e\" \/>\n\t<meta name=\"twitter:data1\" content=\"2 minutes\" \/>\n<script type=\"application\/ld+json\" class=\"yoast-schema-graph\">{\"@context\":\"https:\/\/schema.org\",\"@graph\":[{\"@type\":\"WebPage\",\"@id\":\"https:\/\/interreg-core.eu\/fr\/offre-core\/collaboration-ouverte\/\",\"url\":\"https:\/\/interreg-core.eu\/fr\/offre-core\/collaboration-ouverte\/\",\"name\":\"Collaboration ouverte - Interreg | Core\",\"isPartOf\":{\"@id\":\"https:\/\/interreg-core.eu\/fr\/#website\"},\"datePublished\":\"2020-04-22T15:29:25+00:00\",\"dateModified\":\"2020-08-13T07:51:37+00:00\",\"breadcrumb\":{\"@id\":\"https:\/\/interreg-core.eu\/fr\/offre-core\/collaboration-ouverte\/#breadcrumb\"},\"inLanguage\":\"fr-FR\",\"potentialAction\":[{\"@type\":\"ReadAction\",\"target\":[\"https:\/\/interreg-core.eu\/fr\/offre-core\/collaboration-ouverte\/\"]}]},{\"@type\":\"BreadcrumbList\",\"@id\":\"https:\/\/interreg-core.eu\/fr\/offre-core\/collaboration-ouverte\/#breadcrumb\",\"itemListElement\":[{\"@type\":\"ListItem\",\"position\":1,\"name\":\"Portada\",\"item\":\"https:\/\/interreg-core.eu\/fr\/\"},{\"@type\":\"ListItem\",\"position\":2,\"name\":\"Offre CORE\",\"item\":\"https:\/\/interreg-core.eu\/fr\/offre-core\/\"},{\"@type\":\"ListItem\",\"position\":3,\"name\":\"Collaboration ouverte\"}]},{\"@type\":\"WebSite\",\"@id\":\"https:\/\/interreg-core.eu\/fr\/#website\",\"url\":\"https:\/\/interreg-core.eu\/fr\/\",\"name\":\"Interreg | Core\",\"description\":\"Interreg | Core\",\"potentialAction\":[{\"@type\":\"SearchAction\",\"target\":{\"@type\":\"EntryPoint\",\"urlTemplate\":\"https:\/\/interreg-core.eu\/fr\/?s={search_term_string}\"},\"query-input\":{\"@type\":\"PropertyValueSpecification\",\"valueRequired\":true,\"valueName\":\"search_term_string\"}}],\"inLanguage\":\"fr-FR\"}]}<\/script>\n<!-- \/ Yoast SEO plugin. -->","yoast_head_json":{"title":"Collaboration ouverte - Interreg | Core","robots":{"index":"index","follow":"follow","max-snippet":"max-snippet:-1","max-image-preview":"max-image-preview:large","max-video-preview":"max-video-preview:-1"},"canonical":"https:\/\/interreg-core.eu\/fr\/offre-core\/collaboration-ouverte\/","og_locale":"fr_FR","og_type":"article","og_title":"Collaboration ouverte - Interreg | Core","og_url":"https:\/\/interreg-core.eu\/fr\/offre-core\/collaboration-ouverte\/","og_site_name":"Interreg | Core","article_modified_time":"2020-08-13T07:51:37+00:00","twitter_card":"summary_large_image","twitter_misc":{"Dur\u00e9e de lecture estim\u00e9e":"2 minutes"},"schema":{"@context":"https:\/\/schema.org","@graph":[{"@type":"WebPage","@id":"https:\/\/interreg-core.eu\/fr\/offre-core\/collaboration-ouverte\/","url":"https:\/\/interreg-core.eu\/fr\/offre-core\/collaboration-ouverte\/","name":"Collaboration ouverte - Interreg | Core","isPartOf":{"@id":"https:\/\/interreg-core.eu\/fr\/#website"},"datePublished":"2020-04-22T15:29:25+00:00","dateModified":"2020-08-13T07:51:37+00:00","breadcrumb":{"@id":"https:\/\/interreg-core.eu\/fr\/offre-core\/collaboration-ouverte\/#breadcrumb"},"inLanguage":"fr-FR","potentialAction":[{"@type":"ReadAction","target":["https:\/\/interreg-core.eu\/fr\/offre-core\/collaboration-ouverte\/"]}]},{"@type":"BreadcrumbList","@id":"https:\/\/interreg-core.eu\/fr\/offre-core\/collaboration-ouverte\/#breadcrumb","itemListElement":[{"@type":"ListItem","position":1,"name":"Portada","item":"https:\/\/interreg-core.eu\/fr\/"},{"@type":"ListItem","position":2,"name":"Offre CORE","item":"https:\/\/interreg-core.eu\/fr\/offre-core\/"},{"@type":"ListItem","position":3,"name":"Collaboration ouverte"}]},{"@type":"WebSite","@id":"https:\/\/interreg-core.eu\/fr\/#website","url":"https:\/\/interreg-core.eu\/fr\/","name":"Interreg | Core","description":"Interreg | Core","potentialAction":[{"@type":"SearchAction","target":{"@type":"EntryPoint","urlTemplate":"https:\/\/interreg-core.eu\/fr\/?s={search_term_string}"},"query-input":{"@type":"PropertyValueSpecification","valueRequired":true,"valueName":"search_term_string"}}],"inLanguage":"fr-FR"}]}},"_links":{"self":[{"href":"https:\/\/interreg-core.eu\/fr\/wp-json\/wp\/v2\/pages\/4587","targetHints":{"allow":["GET"]}}],"collection":[{"href":"https:\/\/interreg-core.eu\/fr\/wp-json\/wp\/v2\/pages"}],"about":[{"href":"https:\/\/interreg-core.eu\/fr\/wp-json\/wp\/v2\/types\/page"}],"author":[{"embeddable":true,"href":"https:\/\/interreg-core.eu\/fr\/wp-json\/wp\/v2\/users\/3"}],"replies":[{"embeddable":true,"href":"https:\/\/interreg-core.eu\/fr\/wp-json\/wp\/v2\/comments?post=4587"}],"version-history":[{"count":2,"href":"https:\/\/interreg-core.eu\/fr\/wp-json\/wp\/v2\/pages\/4587\/revisions"}],"predecessor-version":[{"id":4746,"href":"https:\/\/interreg-core.eu\/fr\/wp-json\/wp\/v2\/pages\/4587\/revisions\/4746"}],"up":[{"embeddable":true,"href":"https:\/\/interreg-core.eu\/fr\/wp-json\/wp\/v2\/pages\/4560"}],"wp:attachment":[{"href":"https:\/\/interreg-core.eu\/fr\/wp-json\/wp\/v2\/media?parent=4587"}],"curies":[{"name":"wp","href":"https:\/\/api.w.org\/{rel}","templated":true}]}}