{"id":4572,"date":"2020-04-22T15:28:58","date_gmt":"2020-04-22T15:28:58","guid":{"rendered":"https:\/\/interreg-core.eu\/offre-core\/autodiagnostico\/"},"modified":"2020-08-13T07:48:49","modified_gmt":"2020-08-13T07:48:49","slug":"autodiagnostic","status":"publish","type":"page","link":"https:\/\/interreg-core.eu\/fr\/offre-core\/autodiagnostic\/","title":{"rendered":"Autodiagnostic"},"content":{"rendered":"<div class=\"flex_column av_one_full  flex_column_div av-zero-column-padding first  avia-builder-el-0  avia-builder-el-no-sibling  \" style='border-radius:0px; '><p><div  class='avia-image-container  av-styling-    avia-builder-el-1  el_before_av_heading  avia-builder-el-first  avia-align-center '  itemprop=\"image\" itemscope=\"itemscope\" itemtype=\"https:\/\/schema.org\/ImageObject\"  ><div class='avia-image-container-inner'><div class='avia-image-overlay-wrap'><img class='avia_image' src='https:\/\/interreg-core.eu\/wp-content\/uploads\/2020\/05\/comercio.jpg' alt='' title='comercio' height=\"322\" width=\"719\"  itemprop=\"thumbnailUrl\"  \/><\/div><\/div><\/div><br \/>\n<div  style='padding-bottom:10px; color:#1b4392;' class='av-special-heading av-special-heading-h2 custom-color-heading blockquote modern-quote  avia-builder-el-2  el_after_av_image  el_before_av_textblock  '><h2 class='av-special-heading-tag '  itemprop=\"headline\"  >Autodiagnostic de maturit\u00e9 num\u00e9rique <\/h2><div class='special-heading-border'><div class='special-heading-inner-border' style='border-color:#1b4392'><\/div><\/div><\/div><br \/>\n<section class=\"av_textblock_section \"  itemscope=\"itemscope\" itemtype=\"https:\/\/schema.org\/CreativeWork\" ><div class='avia_textblock  '   itemprop=\"text\" ><p><strong>Connaissez-vous le degr\u00e9 de maturit\u00e9 num\u00e9rique de votre commerce ? O\u00f9 en \u00eates-vous par rapport aux autres ? Quels outils technologiques pourriez-vous utiliser pour am\u00e9liorer votre gestion et \u00eatre plus comp\u00e9titif ? <\/strong><\/p>\n<p>Le projet CORE travaille \u00e0 proposer aux commer\u00e7ants un outil d\u2019autodiagnostic pour connaitre leur degr\u00e9 de maturit\u00e9 num\u00e9rique. Savoir o\u00f9 vous en \u00eates est une des cl\u00e9s pour concevoir votre propre itin\u00e9raire de transformation.<\/p>\n<p>En automne 2020 nous publierons un outil d\u2019autodiagnostic gratuit. Si vous souhaitez avoir plus de renseignements,<a href=\"https:\/\/interreg-core.eu\/contacto\/\"> inscrivez-vous \u00e0 la newsletter du projet<\/a>.<\/p>\n<\/div><\/section><\/p><\/div>\n","protected":false},"excerpt":{"rendered":"","protected":false},"author":3,"featured_media":0,"parent":4560,"menu_order":0,"comment_status":"closed","ping_status":"closed","template":"","meta":{"footnotes":""},"class_list":["post-4572","page","type-page","status-publish","hentry"],"yoast_head":"<!-- This site is optimized with the Yoast SEO plugin v27.2 - https:\/\/yoast.com\/product\/yoast-seo-wordpress\/ -->\n<title>Autodiagnostic - Interreg | Core<\/title>\n<meta name=\"robots\" content=\"index, follow, max-snippet:-1, max-image-preview:large, max-video-preview:-1\" \/>\n<link rel=\"canonical\" href=\"https:\/\/interreg-core.eu\/fr\/offre-core\/autodiagnostic\/\" \/>\n<meta property=\"og:locale\" content=\"fr_FR\" \/>\n<meta property=\"og:type\" content=\"article\" \/>\n<meta property=\"og:title\" content=\"Autodiagnostic - Interreg | Core\" \/>\n<meta property=\"og:url\" content=\"https:\/\/interreg-core.eu\/fr\/offre-core\/autodiagnostic\/\" \/>\n<meta property=\"og:site_name\" content=\"Interreg | Core\" \/>\n<meta property=\"article:modified_time\" content=\"2020-08-13T07:48:49+00:00\" \/>\n<meta name=\"twitter:card\" content=\"summary_large_image\" \/>\n<meta name=\"twitter:label1\" content=\"Dur\u00e9e de lecture estim\u00e9e\" \/>\n\t<meta name=\"twitter:data1\" content=\"2 minutes\" \/>\n<script type=\"application\/ld+json\" class=\"yoast-schema-graph\">{\"@context\":\"https:\/\/schema.org\",\"@graph\":[{\"@type\":\"WebPage\",\"@id\":\"https:\/\/interreg-core.eu\/fr\/offre-core\/autodiagnostic\/\",\"url\":\"https:\/\/interreg-core.eu\/fr\/offre-core\/autodiagnostic\/\",\"name\":\"Autodiagnostic - Interreg | Core\",\"isPartOf\":{\"@id\":\"https:\/\/interreg-core.eu\/fr\/#website\"},\"datePublished\":\"2020-04-22T15:28:58+00:00\",\"dateModified\":\"2020-08-13T07:48:49+00:00\",\"breadcrumb\":{\"@id\":\"https:\/\/interreg-core.eu\/fr\/offre-core\/autodiagnostic\/#breadcrumb\"},\"inLanguage\":\"fr-FR\",\"potentialAction\":[{\"@type\":\"ReadAction\",\"target\":[\"https:\/\/interreg-core.eu\/fr\/offre-core\/autodiagnostic\/\"]}]},{\"@type\":\"BreadcrumbList\",\"@id\":\"https:\/\/interreg-core.eu\/fr\/offre-core\/autodiagnostic\/#breadcrumb\",\"itemListElement\":[{\"@type\":\"ListItem\",\"position\":1,\"name\":\"Portada\",\"item\":\"https:\/\/interreg-core.eu\/fr\/\"},{\"@type\":\"ListItem\",\"position\":2,\"name\":\"Offre CORE\",\"item\":\"https:\/\/interreg-core.eu\/fr\/offre-core\/\"},{\"@type\":\"ListItem\",\"position\":3,\"name\":\"Autodiagnostic\"}]},{\"@type\":\"WebSite\",\"@id\":\"https:\/\/interreg-core.eu\/fr\/#website\",\"url\":\"https:\/\/interreg-core.eu\/fr\/\",\"name\":\"Interreg | Core\",\"description\":\"Interreg | Core\",\"potentialAction\":[{\"@type\":\"SearchAction\",\"target\":{\"@type\":\"EntryPoint\",\"urlTemplate\":\"https:\/\/interreg-core.eu\/fr\/?s={search_term_string}\"},\"query-input\":{\"@type\":\"PropertyValueSpecification\",\"valueRequired\":true,\"valueName\":\"search_term_string\"}}],\"inLanguage\":\"fr-FR\"}]}<\/script>\n<!-- \/ Yoast SEO plugin. -->","yoast_head_json":{"title":"Autodiagnostic - Interreg | Core","robots":{"index":"index","follow":"follow","max-snippet":"max-snippet:-1","max-image-preview":"max-image-preview:large","max-video-preview":"max-video-preview:-1"},"canonical":"https:\/\/interreg-core.eu\/fr\/offre-core\/autodiagnostic\/","og_locale":"fr_FR","og_type":"article","og_title":"Autodiagnostic - Interreg | Core","og_url":"https:\/\/interreg-core.eu\/fr\/offre-core\/autodiagnostic\/","og_site_name":"Interreg | Core","article_modified_time":"2020-08-13T07:48:49+00:00","twitter_card":"summary_large_image","twitter_misc":{"Dur\u00e9e de lecture estim\u00e9e":"2 minutes"},"schema":{"@context":"https:\/\/schema.org","@graph":[{"@type":"WebPage","@id":"https:\/\/interreg-core.eu\/fr\/offre-core\/autodiagnostic\/","url":"https:\/\/interreg-core.eu\/fr\/offre-core\/autodiagnostic\/","name":"Autodiagnostic - Interreg | Core","isPartOf":{"@id":"https:\/\/interreg-core.eu\/fr\/#website"},"datePublished":"2020-04-22T15:28:58+00:00","dateModified":"2020-08-13T07:48:49+00:00","breadcrumb":{"@id":"https:\/\/interreg-core.eu\/fr\/offre-core\/autodiagnostic\/#breadcrumb"},"inLanguage":"fr-FR","potentialAction":[{"@type":"ReadAction","target":["https:\/\/interreg-core.eu\/fr\/offre-core\/autodiagnostic\/"]}]},{"@type":"BreadcrumbList","@id":"https:\/\/interreg-core.eu\/fr\/offre-core\/autodiagnostic\/#breadcrumb","itemListElement":[{"@type":"ListItem","position":1,"name":"Portada","item":"https:\/\/interreg-core.eu\/fr\/"},{"@type":"ListItem","position":2,"name":"Offre CORE","item":"https:\/\/interreg-core.eu\/fr\/offre-core\/"},{"@type":"ListItem","position":3,"name":"Autodiagnostic"}]},{"@type":"WebSite","@id":"https:\/\/interreg-core.eu\/fr\/#website","url":"https:\/\/interreg-core.eu\/fr\/","name":"Interreg | Core","description":"Interreg | Core","potentialAction":[{"@type":"SearchAction","target":{"@type":"EntryPoint","urlTemplate":"https:\/\/interreg-core.eu\/fr\/?s={search_term_string}"},"query-input":{"@type":"PropertyValueSpecification","valueRequired":true,"valueName":"search_term_string"}}],"inLanguage":"fr-FR"}]}},"_links":{"self":[{"href":"https:\/\/interreg-core.eu\/fr\/wp-json\/wp\/v2\/pages\/4572","targetHints":{"allow":["GET"]}}],"collection":[{"href":"https:\/\/interreg-core.eu\/fr\/wp-json\/wp\/v2\/pages"}],"about":[{"href":"https:\/\/interreg-core.eu\/fr\/wp-json\/wp\/v2\/types\/page"}],"author":[{"embeddable":true,"href":"https:\/\/interreg-core.eu\/fr\/wp-json\/wp\/v2\/users\/3"}],"replies":[{"embeddable":true,"href":"https:\/\/interreg-core.eu\/fr\/wp-json\/wp\/v2\/comments?post=4572"}],"version-history":[{"count":2,"href":"https:\/\/interreg-core.eu\/fr\/wp-json\/wp\/v2\/pages\/4572\/revisions"}],"predecessor-version":[{"id":4742,"href":"https:\/\/interreg-core.eu\/fr\/wp-json\/wp\/v2\/pages\/4572\/revisions\/4742"}],"up":[{"embeddable":true,"href":"https:\/\/interreg-core.eu\/fr\/wp-json\/wp\/v2\/pages\/4560"}],"wp:attachment":[{"href":"https:\/\/interreg-core.eu\/fr\/wp-json\/wp\/v2\/media?parent=4572"}],"curies":[{"name":"wp","href":"https:\/\/api.w.org\/{rel}","templated":true}]}}