{"id":4560,"date":"2020-04-22T15:28:29","date_gmt":"2020-04-22T15:28:29","guid":{"rendered":"https:\/\/interreg-core.eu\/oferta-core\/"},"modified":"2022-04-01T08:23:03","modified_gmt":"2022-04-01T08:23:03","slug":"offre-core","status":"publish","type":"page","link":"https:\/\/interreg-core.eu\/fr\/offre-core\/","title":{"rendered":"Offre CORE"},"content":{"rendered":"<div class=\"flex_column av_one_full  flex_column_div av-zero-column-padding first  avia-builder-el-0  el_before_av_section  avia-builder-el-no-sibling  \" style='border-radius:0px; '><div  style='padding-bottom:10px; color:#003399;' class='av-special-heading av-special-heading-h1 custom-color-heading blockquote modern-quote  avia-builder-el-1  avia-builder-el-no-sibling  '><h1 class='av-special-heading-tag '  itemprop=\"headline\"  >Offre CORE<\/h1><div class='special-heading-border'><div class='special-heading-inner-border' style='border-color:#003399'><\/div><\/div><\/div><\/div>\n<\/div><\/div><\/div><!-- close content main div --><\/div><\/div><div id='av_section_1'  class='avia-section main_color avia-section-default avia-no-border-styling  avia-bg-style-scroll  avia-builder-el-2  el_after_av_one_full  el_before_av_button   container_wrap sidebar_right' style='background-color: #164194;  '  ><div class='container' ><div class='template-page content  av-content-small alpha units'><div class='post-entry post-entry-type-page post-entry-4560'><div class='entry-content-wrapper clearfix'>\n<div class=\"flex_column av_one_third  flex_column_div av-zero-column-padding first  avia-builder-el-3  el_before_av_one_third  avia-builder-el-first  \" style='border-radius:0px; '><p><div  class='avia-image-container  av-styling-    avia-builder-el-4  el_before_av_heading  avia-builder-el-first  avia-align-center '  itemprop=\"image\" itemscope=\"itemscope\" itemtype=\"https:\/\/schema.org\/ImageObject\"  ><div class='avia-image-container-inner'><div class='avia-image-overlay-wrap'><img class='avia_image' src='https:\/\/interreg-core.eu\/wp-content\/uploads\/2020\/08\/autodiagnostic-300x300.jpg' alt='' title='autodiagnostic' height=\"300\" width=\"300\"  itemprop=\"thumbnailUrl\"  \/><\/div><\/div><\/div><br \/>\n<div  style='padding-bottom:10px; color:#ffffff;' class='av-special-heading av-special-heading-h2 custom-color-heading blockquote modern-quote  avia-builder-el-5  el_after_av_image  el_before_av_textblock  '><h2 class='av-special-heading-tag '  itemprop=\"headline\"  >Autodiagnostic<\/h2><div class='special-heading-border'><div class='special-heading-inner-border' style='border-color:#ffffff'><\/div><\/div><\/div><br \/>\n<section class=\"av_textblock_section \"  itemscope=\"itemscope\" itemtype=\"https:\/\/schema.org\/CreativeWork\" ><div class='avia_textblock  av_inherit_color '  style='color:#ffffff; '  itemprop=\"text\" ><p><strong>Connaissez-vous le degr\u00e9 de maturit\u00e9 num\u00e9rique de votre commerce? O\u00f9 en \u00eates-vous par rapport aux autres? Quels outils technologiques pourriez-vous utiliser pour am\u00e9liorer votre gestion et \u00eatre plus comp\u00e9titif?<\/strong><\/p>\n<p>Le projet CORE travaille \u00e0 proposer aux commer\u00e7ants un outil d\u2019autodiagnostic pour connaitre leur degr\u00e9 de maturit\u00e9 num\u00e9rique. Savoir o\u00f9 vous en \u00eates est une des cl\u00e9s pour concevoir votre propre itin\u00e9raire de transformation.<\/p>\n<p>En automne 2020 nous publierons un outil d\u2019autodiagnostic gratuit.<\/p>\n<\/div><\/section><br \/>\n<div  class='avia-button-wrap avia-button-center  avia-builder-el-7  el_after_av_textblock  avia-builder-el-last ' ><a href='https:\/\/interreg-core.eu\/autodiagnostico'  class='avia-button   avia-icon_select-yes-left-icon avia-color-custom avia-size-large avia-position-center '  style='background-color:#fbc52c; border-color:#fbc52c; color:#ffffff; ' ><span class='avia_button_icon avia_button_icon_left ' aria-hidden='true' data-av_icon='\ue803' data-av_iconfont='entypo-fontello'><\/span><span class='avia_iconbox_title' >Acc\u00e9der \u00e0 l\u2019autodiagnostic<\/span><\/a><\/div><\/p><\/div><div class=\"flex_column av_one_third  flex_column_div av-zero-column-padding   avia-builder-el-8  el_after_av_one_third  el_before_av_one_third  \" style='border-radius:0px; '><p><div  class='avia-image-container  av-styling-    avia-builder-el-9  el_before_av_heading  avia-builder-el-first  avia-align-center '  itemprop=\"image\" itemscope=\"itemscope\" itemtype=\"https:\/\/schema.org\/ImageObject\"  ><div class='avia-image-container-inner'><div class='avia-image-overlay-wrap'><img class='avia_image' src='https:\/\/interreg-core.eu\/wp-content\/uploads\/2020\/08\/Coaching-numerique-2-300x300.jpg' alt='' title='Coaching-numerique' height=\"300\" width=\"300\"  itemprop=\"thumbnailUrl\"  \/><\/div><\/div><\/div><br \/>\n<div  style='padding-bottom:10px; color:#ffffff;' class='av-special-heading av-special-heading-h2 custom-color-heading blockquote modern-quote  avia-builder-el-10  el_after_av_image  el_before_av_textblock  '><h2 class='av-special-heading-tag '  itemprop=\"headline\"  >Coaching num\u00e9rique<\/h2><div class='special-heading-border'><div class='special-heading-inner-border' style='border-color:#ffffff'><\/div><\/div><\/div><br \/>\n<section class=\"av_textblock_section \"  itemscope=\"itemscope\" itemtype=\"https:\/\/schema.org\/CreativeWork\" ><div class='avia_textblock  av_inherit_color '  style='color:#ffffff; '  itemprop=\"text\" ><p>Faites-vous accompagner par des techniciens sp\u00e9cialis\u00e9s dans la mise en \u0153uvre de solutions technologiques. La s\u00e9lection des commerces participants se fera \u00e0 l\u2019automne 2020.<\/p>\n<p>Si vous souhaitez avoir un accompagnement personnalis\u00e9 pour \u00e9tablir le diagnostic de votre degr\u00e9 de maturit\u00e9 et concevoir votre propre itin\u00e9raire num\u00e9rique,\u00a0<a href=\"https:\/\/interreg-core.eu\/contacto\/\">demandez-nous des informations<\/a>.<\/p>\n<p>T\u00e9l\u00e9chargez les formulaires pour obtenir le suivi des itin\u00e9raires:<\/p>\n<\/div><\/section><br \/>\n<div  class='avia-button-wrap avia-button-center  avia-builder-el-12  el_after_av_textblock  el_before_av_button ' ><a href='https:\/\/docs.google.com\/forms\/d\/e\/1FAIpQLSdSFrcuPuDtO1xWZZYQEU0M0r9M86tC1Is4FdnuqZdoeqEtfg\/viewform' class='avia-button   avia-icon_select-yes-left-icon avia-color-custom avia-size-small avia-position-center ' target=\"_blank\" style='background-color:#fbc52c; border-color:#fbc52c; color:#ffffff; ' rel=\"noopener\"><span class='avia_button_icon avia_button_icon_left ' aria-hidden='true' data-av_icon='\ue87f' data-av_iconfont='entypo-fontello'><\/span><span class='avia_iconbox_title' >1. Autodiagnostic<\/span><\/a><\/div><br \/>\n<div  class='avia-button-wrap avia-button-center  avia-builder-el-13  el_after_av_button  el_before_av_button ' ><a href='https:\/\/docs.google.com\/forms\/d\/e\/1FAIpQLSdc-Qrro0XDpvR0jUEtpnLz6kEr7LFBIeQzSO4UYoB5WQJfTw\/viewform' class='avia-button   avia-icon_select-yes-left-icon avia-color-custom avia-size-small avia-position-center ' target=\"_blank\" style='background-color:#fbc52c; border-color:#fbc52c; color:#ffffff; ' rel=\"noopener\"><span class='avia_button_icon avia_button_icon_left ' aria-hidden='true' data-av_icon='\ue87f' data-av_iconfont='entypo-fontello'><\/span><span class='avia_iconbox_title' >2. Rapport<\/span><\/a><\/div><br \/>\n<div  class='avia-button-wrap avia-button-center  avia-builder-el-14  el_after_av_button  avia-builder-el-last ' ><a href='https:\/\/docs.google.com\/forms\/d\/e\/1FAIpQLSf9IUTI7UQsgSNv8Ps7tc6K-2rQQ9HYeHRHNSjXfQxMZMCM-A\/viewform' class='avia-button   avia-icon_select-yes-left-icon avia-color-custom avia-size-small avia-position-center ' target=\"_blank\" style='background-color:#fbc52c; border-color:#fbc52c; color:#ffffff; ' rel=\"noopener\"><span class='avia_button_icon avia_button_icon_left ' aria-hidden='true' data-av_icon='\ue87f' data-av_iconfont='entypo-fontello'><\/span><span class='avia_iconbox_title' >3. Rapport final<\/span><\/a><\/div><\/p><\/div><div class=\"flex_column av_one_third  flex_column_div av-zero-column-padding   avia-builder-el-15  el_after_av_one_third  avia-builder-el-last  \" style='border-radius:0px; '><p><div  class='avia-image-container  av-styling-    avia-builder-el-16  el_before_av_heading  avia-builder-el-first  avia-align-center '  itemprop=\"image\" itemscope=\"itemscope\" itemtype=\"https:\/\/schema.org\/ImageObject\"  ><div class='avia-image-container-inner'><div class='avia-image-overlay-wrap'><img class='avia_image' src='https:\/\/interreg-core.eu\/wp-content\/uploads\/2020\/08\/Collaboration-ouverte-300x300.jpg' alt='' title='Collaboration-ouverte' height=\"300\" width=\"300\"  itemprop=\"thumbnailUrl\"  \/><\/div><\/div><\/div><br \/>\n<div  style='padding-bottom:10px; color:#ffffff;' class='av-special-heading av-special-heading-h2 custom-color-heading blockquote modern-quote  avia-builder-el-17  el_after_av_image  el_before_av_textblock  '><h2 class='av-special-heading-tag '  itemprop=\"headline\"  >Collaboration ouverte<\/h2><div class='special-heading-border'><div class='special-heading-inner-border' style='border-color:#ffffff'><\/div><\/div><\/div><br \/>\n<section class=\"av_textblock_section \"  itemscope=\"itemscope\" itemtype=\"https:\/\/schema.org\/CreativeWork\" ><div class='avia_textblock  av_inherit_color '  style='color:#ffffff; '  itemprop=\"text\" ><p>Assistez aux\u00a0 sessions de participation \u201cCommerce 4.0\u201d, d\u00e9couvrez les bonnes pratiques existantes et les propositions les plus pertinentes pour la transformation num\u00e9rique de votre commerce.<\/p>\n<\/div><\/section><br \/>\n<div  class='avia-button-wrap avia-button-center  avia-builder-el-19  el_after_av_textblock  avia-builder-el-last ' ><a href='https:\/\/interreg-core.eu\/colaboracion'  class='avia-button   avia-icon_select-yes-left-icon avia-color-custom avia-size-large avia-position-center '  style='background-color:#fbc52c; border-color:#fbc52c; color:#ffffff; ' ><span class='avia_button_icon avia_button_icon_left ' aria-hidden='true' data-av_icon='\ue80b' data-av_iconfont='entypo-fontello'><\/span><span class='avia_iconbox_title' >Acc\u00e9der aux outils de collaboration<\/span><\/a><\/div><\/p><\/div><\/div><\/div><\/div><!-- close content main div --><\/div><\/div><div id='after_section_1'  class='main_color av_default_container_wrap container_wrap sidebar_right' style=' '  ><div class='container' ><div class='template-page content  av-content-small alpha units'><div class='post-entry post-entry-type-page post-entry-4560'><div class='entry-content-wrapper clearfix'><div  class='avia-button-wrap avia-button-center  avia-builder-el-20  el_after_av_section  avia-builder-el-no-sibling ' ><a href=''  class='avia-button   avia-icon_select-yes-left-icon avia-color-theme-color avia-size-small avia-position-center '   ><span class='avia_button_icon avia_button_icon_left ' aria-hidden='true' data-av_icon='' data-av_iconfont='entypo-fontello'><\/span><span class='avia_iconbox_title' >Hazme clic<\/span><\/a><\/div><\/p>\n","protected":false},"excerpt":{"rendered":"","protected":false},"author":3,"featured_media":0,"parent":0,"menu_order":0,"comment_status":"closed","ping_status":"closed","template":"","meta":{"footnotes":""},"class_list":["post-4560","page","type-page","status-publish","hentry"],"yoast_head":"<!-- This site is optimized with the Yoast SEO plugin v27.2 - https:\/\/yoast.com\/product\/yoast-seo-wordpress\/ -->\n<title>Offre CORE - Interreg | Core<\/title>\n<meta name=\"robots\" content=\"index, follow, max-snippet:-1, max-image-preview:large, max-video-preview:-1\" \/>\n<link rel=\"canonical\" href=\"https:\/\/interreg-core.eu\/fr\/offre-core\/\" \/>\n<meta property=\"og:locale\" content=\"fr_FR\" \/>\n<meta property=\"og:type\" content=\"article\" \/>\n<meta property=\"og:title\" content=\"Offre CORE - Interreg | Core\" \/>\n<meta property=\"og:url\" content=\"https:\/\/interreg-core.eu\/fr\/offre-core\/\" \/>\n<meta property=\"og:site_name\" content=\"Interreg | Core\" \/>\n<meta property=\"article:modified_time\" content=\"2022-04-01T08:23:03+00:00\" \/>\n<meta name=\"twitter:card\" content=\"summary_large_image\" \/>\n<meta name=\"twitter:label1\" content=\"Dur\u00e9e de lecture estim\u00e9e\" \/>\n\t<meta name=\"twitter:data1\" content=\"3 minutes\" \/>\n<script type=\"application\/ld+json\" class=\"yoast-schema-graph\">{\"@context\":\"https:\/\/schema.org\",\"@graph\":[{\"@type\":\"WebPage\",\"@id\":\"https:\/\/interreg-core.eu\/fr\/offre-core\/\",\"url\":\"https:\/\/interreg-core.eu\/fr\/offre-core\/\",\"name\":\"Offre CORE - Interreg | Core\",\"isPartOf\":{\"@id\":\"https:\/\/interreg-core.eu\/fr\/#website\"},\"datePublished\":\"2020-04-22T15:28:29+00:00\",\"dateModified\":\"2022-04-01T08:23:03+00:00\",\"breadcrumb\":{\"@id\":\"https:\/\/interreg-core.eu\/fr\/offre-core\/#breadcrumb\"},\"inLanguage\":\"fr-FR\",\"potentialAction\":[{\"@type\":\"ReadAction\",\"target\":[\"https:\/\/interreg-core.eu\/fr\/offre-core\/\"]}]},{\"@type\":\"BreadcrumbList\",\"@id\":\"https:\/\/interreg-core.eu\/fr\/offre-core\/#breadcrumb\",\"itemListElement\":[{\"@type\":\"ListItem\",\"position\":1,\"name\":\"Portada\",\"item\":\"https:\/\/interreg-core.eu\/fr\/\"},{\"@type\":\"ListItem\",\"position\":2,\"name\":\"Offre CORE\"}]},{\"@type\":\"WebSite\",\"@id\":\"https:\/\/interreg-core.eu\/fr\/#website\",\"url\":\"https:\/\/interreg-core.eu\/fr\/\",\"name\":\"Interreg | Core\",\"description\":\"Interreg | Core\",\"potentialAction\":[{\"@type\":\"SearchAction\",\"target\":{\"@type\":\"EntryPoint\",\"urlTemplate\":\"https:\/\/interreg-core.eu\/fr\/?s={search_term_string}\"},\"query-input\":{\"@type\":\"PropertyValueSpecification\",\"valueRequired\":true,\"valueName\":\"search_term_string\"}}],\"inLanguage\":\"fr-FR\"}]}<\/script>\n<!-- \/ Yoast SEO plugin. -->","yoast_head_json":{"title":"Offre CORE - Interreg | Core","robots":{"index":"index","follow":"follow","max-snippet":"max-snippet:-1","max-image-preview":"max-image-preview:large","max-video-preview":"max-video-preview:-1"},"canonical":"https:\/\/interreg-core.eu\/fr\/offre-core\/","og_locale":"fr_FR","og_type":"article","og_title":"Offre CORE - Interreg | Core","og_url":"https:\/\/interreg-core.eu\/fr\/offre-core\/","og_site_name":"Interreg | Core","article_modified_time":"2022-04-01T08:23:03+00:00","twitter_card":"summary_large_image","twitter_misc":{"Dur\u00e9e de lecture estim\u00e9e":"3 minutes"},"schema":{"@context":"https:\/\/schema.org","@graph":[{"@type":"WebPage","@id":"https:\/\/interreg-core.eu\/fr\/offre-core\/","url":"https:\/\/interreg-core.eu\/fr\/offre-core\/","name":"Offre CORE - Interreg | Core","isPartOf":{"@id":"https:\/\/interreg-core.eu\/fr\/#website"},"datePublished":"2020-04-22T15:28:29+00:00","dateModified":"2022-04-01T08:23:03+00:00","breadcrumb":{"@id":"https:\/\/interreg-core.eu\/fr\/offre-core\/#breadcrumb"},"inLanguage":"fr-FR","potentialAction":[{"@type":"ReadAction","target":["https:\/\/interreg-core.eu\/fr\/offre-core\/"]}]},{"@type":"BreadcrumbList","@id":"https:\/\/interreg-core.eu\/fr\/offre-core\/#breadcrumb","itemListElement":[{"@type":"ListItem","position":1,"name":"Portada","item":"https:\/\/interreg-core.eu\/fr\/"},{"@type":"ListItem","position":2,"name":"Offre CORE"}]},{"@type":"WebSite","@id":"https:\/\/interreg-core.eu\/fr\/#website","url":"https:\/\/interreg-core.eu\/fr\/","name":"Interreg | Core","description":"Interreg | Core","potentialAction":[{"@type":"SearchAction","target":{"@type":"EntryPoint","urlTemplate":"https:\/\/interreg-core.eu\/fr\/?s={search_term_string}"},"query-input":{"@type":"PropertyValueSpecification","valueRequired":true,"valueName":"search_term_string"}}],"inLanguage":"fr-FR"}]}},"_links":{"self":[{"href":"https:\/\/interreg-core.eu\/fr\/wp-json\/wp\/v2\/pages\/4560","targetHints":{"allow":["GET"]}}],"collection":[{"href":"https:\/\/interreg-core.eu\/fr\/wp-json\/wp\/v2\/pages"}],"about":[{"href":"https:\/\/interreg-core.eu\/fr\/wp-json\/wp\/v2\/types\/page"}],"author":[{"embeddable":true,"href":"https:\/\/interreg-core.eu\/fr\/wp-json\/wp\/v2\/users\/3"}],"replies":[{"embeddable":true,"href":"https:\/\/interreg-core.eu\/fr\/wp-json\/wp\/v2\/comments?post=4560"}],"version-history":[{"count":6,"href":"https:\/\/interreg-core.eu\/fr\/wp-json\/wp\/v2\/pages\/4560\/revisions"}],"predecessor-version":[{"id":12318,"href":"https:\/\/interreg-core.eu\/fr\/wp-json\/wp\/v2\/pages\/4560\/revisions\/12318"}],"wp:attachment":[{"href":"https:\/\/interreg-core.eu\/fr\/wp-json\/wp\/v2\/media?parent=4560"}],"curies":[{"name":"wp","href":"https:\/\/api.w.org\/{rel}","templated":true}]}}