{"id":4537,"date":"2020-04-22T15:26:28","date_gmt":"2020-04-22T15:26:28","guid":{"rendered":"https:\/\/interreg-core.eu\/sobre-interreg-core\/"},"modified":"2020-09-04T06:10:45","modified_gmt":"2020-09-04T06:10:45","slug":"sur-interreg-core","status":"publish","type":"page","link":"https:\/\/interreg-core.eu\/fr\/sur-interreg-core\/","title":{"rendered":"Sur Interreg-CORE"},"content":{"rendered":"<div class=\"flex_column av_one_full  flex_column_div av-zero-column-padding first  avia-builder-el-0  el_before_av_section  avia-builder-el-no-sibling  \" style='border-radius:0px; '><div  style='padding-bottom:10px; color:#003399;' class='av-special-heading av-special-heading-h1 custom-color-heading blockquote modern-quote  avia-builder-el-1  avia-builder-el-no-sibling  '><h1 class='av-special-heading-tag '  itemprop=\"headline\"  >Sur Interreg-CORE<\/h1><div class='special-heading-border'><div class='special-heading-inner-border' style='border-color:#003399'><\/div><\/div><\/div><\/div>\n<\/div><\/div><\/div><!-- close content main div --><\/div><\/div><div id='av_section_1'  class='avia-section main_color avia-section-default avia-no-border-styling  avia-bg-style-scroll  avia-builder-el-2  el_after_av_one_full  el_before_av_section   container_wrap sidebar_right' style='background-color: #164194;  '  ><div class='container' ><div class='template-page content  av-content-small alpha units'><div class='post-entry post-entry-type-page post-entry-4537'><div class='entry-content-wrapper clearfix'>\n<div class=\"flex_column av_one_half  flex_column_div av-zero-column-padding first  avia-builder-el-3  el_before_av_one_half  avia-builder-el-first  \" style='border-radius:0px; '><div  class='avia-image-container  av-styling-    avia-builder-el-4  avia-builder-el-no-sibling  avia-align-center '  itemprop=\"image\" itemscope=\"itemscope\" itemtype=\"https:\/\/schema.org\/ImageObject\"  ><div class='avia-image-container-inner'><div class='avia-image-overlay-wrap'><img class='avia_image' src='https:\/\/interreg-core.eu\/wp-content\/uploads\/2020\/05\/comercio-1.jpg' alt='' title='comercio' height=\"687\" width=\"1030\"  itemprop=\"thumbnailUrl\"  \/><\/div><\/div><\/div><\/div><div class=\"flex_column av_one_half  flex_column_div av-zero-column-padding   avia-builder-el-5  el_after_av_one_half  avia-builder-el-last  \" style='border-radius:0px; '><section class=\"av_textblock_section \"  itemscope=\"itemscope\" itemtype=\"https:\/\/schema.org\/CreativeWork\" ><div class='avia_textblock  '   itemprop=\"text\" ><p style=\"text-align: justify;\"><span style=\"color: #ffffff;\">Le secteur commercial de d\u00e9tail repr\u00e9sente une grande force sur le territoire o\u00f9 sont pr\u00e9sents les 8 associ\u00e9s et trois collaborateurs du projet CORE. Pr\u00e9cis\u00e9ment, il s\u2019agit de 51.000 TPE-PME et de 300.000 emplois repartis dans les villes et villages d\u2019Alava, Guipuzcoa, Navarre, Teruel, Catalogne et les d\u00e9partements des Pyr\u00e9n\u00e9es Atlantiques et Haute-Garonne. Ces entreprises jouent un r\u00f4le \u00e9conomique, mais aussi social, culturel, d\u2019am\u00e9nagement urbain de grande importance. Un commerce local vivant, par les temps qui courent doit int\u00e9grer de fa\u00e7on r\u00e9solue les outils de num\u00e9risation pour augmenter sa comp\u00e9titivit\u00e9.<\/span><\/p>\n<p style=\"text-align: justify;\"><span style=\"color: #ffffff;\">Dans ce contexte, est n\u00e9 le projet europ\u00e9en \u201cCORE\u201d contraction des mots competitive et retail (commerce comp\u00e9titif en anglais). L\u2019initiative propose un syst\u00e8me d\u2019accompagnement \u00e0 la transformation num\u00e9rique personnalis\u00e9 en fonction du degr\u00e9 de maturit\u00e9 technologique de chaque commerce au d\u00e9part.<\/span><\/p>\n<\/div><\/section><\/div>\n\n<\/div><\/div><\/div><!-- close content main div --><\/div><\/div><div id='av_section_2'  class='avia-section main_color avia-section-default avia-no-border-styling  avia-bg-style-scroll  avia-builder-el-7  el_after_av_section  el_before_av_section   container_wrap sidebar_right' style=' '  ><div class='container' ><div class='template-page content  av-content-small alpha units'><div class='post-entry post-entry-type-page post-entry-4537'><div class='entry-content-wrapper clearfix'>\n<div class=\"flex_column av_one_half  flex_column_div av-zero-column-padding first  avia-builder-el-8  el_before_av_one_half  avia-builder-el-first  \" style='border-radius:0px; '><section class=\"av_textblock_section \"  itemscope=\"itemscope\" itemtype=\"https:\/\/schema.org\/CreativeWork\" ><div class='avia_textblock  '   itemprop=\"text\" ><p style=\"text-align: justify;\">Para ello, se pretende reunir a los profesionales del comercio con especialistas en I+D+i que les ofrezcan un acompa\u00f1amiento tecnol\u00f3gico que mejore su gesti\u00f3n, incremente su visibilidad y sus ventas y, en definitiva, contribuya a mantener la biodiversidad comercial evitando la desaparici\u00f3n del comercio local frente a las grandes cadenas de distribuci\u00f3n.<\/p>\n<p style=\"text-align: justify;\"><strong>El proyecto CORE<\/strong>, con un presupuesto de 1.257.361 \u20ac, <strong>est\u00e1 cofinanciado al 65% por el Fondo Europeo de Desarrollo Regional (FEDER)<\/strong> a trav\u00e9s del Programa Interreg V-A Espa\u00f1a-Francia-Andorra (<a href=\"https:\/\/www.poctefa.eu\/\" target=\"_blank\" rel=\"noopener noreferrer\">POCTEFA<\/a> 2014-2020). El objetivo del <a href=\"https:\/\/www.poctefa.eu\/\" target=\"_blank\" rel=\"noopener noreferrer\">POCTEFA<\/a> es reforzar la integraci\u00f3n econ\u00f3mica y social de la zona fronteriza Espa\u00f1a-Francia-Andorra. Su ayuda se concentra en el desarrollo de actividades econ\u00f3micas, sociales y medioambientales transfronterizas a trav\u00e9s de estrategias conjuntas a favor del desarrollo territorial sostenible.<\/p>\n<\/div><\/section><\/div><div class=\"flex_column av_one_half  flex_column_div av-zero-column-padding   avia-builder-el-10  el_after_av_one_half  avia-builder-el-last  \" style='border-radius:0px; '><div  class='avia-image-container  av-styling-    avia-builder-el-11  avia-builder-el-no-sibling  avia-align-center '  itemprop=\"image\" itemscope=\"itemscope\" itemtype=\"https:\/\/schema.org\/ImageObject\"  ><div class='avia-image-container-inner'><div class='avia-image-overlay-wrap'><img class='avia_image' src='https:\/\/interreg-core.eu\/wp-content\/uploads\/2020\/05\/3732-scaled.jpg' alt='' title='camarero' height=\"1707\" width=\"2560\"  itemprop=\"thumbnailUrl\"  \/><\/div><\/div><\/div><\/div>\n\n<\/div><\/div><\/div><!-- close content main div --><\/div><\/div><div id='objetivos'  class='avia-section main_color avia-section-default avia-no-border-styling  avia-bg-style-scroll  avia-builder-el-12  el_after_av_section  el_before_av_section   container_wrap sidebar_right' style='background-color: #f2f2f2;  '  ><div class='container' ><div class='template-page content  av-content-small alpha units'><div class='post-entry post-entry-type-page post-entry-4537'><div class='entry-content-wrapper clearfix'>\n<div class=\"flex_column av_one_half  flex_column_div av-zero-column-padding first  avia-builder-el-13  el_before_av_one_half  avia-builder-el-first  \" style='border-radius:0px; '><p><div  style='padding-bottom:10px; color:#003399;' class='av-special-heading av-special-heading-h3 custom-color-heading blockquote modern-quote  avia-builder-el-14  el_before_av_iconlist  avia-builder-el-first  '><h3 class='av-special-heading-tag '  itemprop=\"headline\"  >Objectifs g\u00e9n\u00e9raux <\/h3><div class='special-heading-border'><div class='special-heading-inner-border' style='border-color:#003399'><\/div><\/div><\/div><br \/>\n<div  class='avia-icon-list-container   avia-builder-el-15  el_after_av_heading  avia-builder-el-last '><ul class='avia-icon-list avia-icon-list-left av-iconlist-big avia_animate_when_almost_visible avia-iconlist-animate'>\n<li><div  style='background-color:#9faee5; ' class='iconlist_icon  avia-font-entypo-fontello'><span class='iconlist-char ' aria-hidden='true' data-av_icon='\ue83a' data-av_iconfont='entypo-fontello'><\/span><\/div><article class=\"article-icon-entry \"  itemscope=\"itemscope\" itemtype=\"https:\/\/schema.org\/CreativeWork\" ><div class='iconlist_content_wrap'><header class=\"entry-content-header\"><\/header><div class='iconlist_content  '  itemprop=\"text\"  ><p>L\u2019objectif g\u00e9n\u00e9ral de CORE est de \u00a0<strong>contribuer \u00e0 la dynamisation de l\u2019innovation et de la comp\u00e9titivit\u00e9 <\/strong>des TPE-PME de l\u2019espace \u00a0POCTEFA, en promouvant sp\u00e9cifiquement l\u2019innovation et la comp\u00e9titivit\u00e9 des TPE-PME de commerce de d\u00e9tail du territoire.<\/p>\n<\/div><\/div><footer class=\"entry-footer\"><\/footer><\/article><div class='iconlist-timeline'><\/div><\/li>\n<li><div  style='background-color:#9faee5; ' class='iconlist_icon  avia-font-entypo-fontello'><span class='iconlist-char ' aria-hidden='true' data-av_icon='\ue855' data-av_iconfont='entypo-fontello'><\/span><\/div><article class=\"article-icon-entry \"  itemscope=\"itemscope\" itemtype=\"https:\/\/schema.org\/CreativeWork\" ><div class='iconlist_content_wrap'><header class=\"entry-content-header\"><\/header><div class='iconlist_content  '  itemprop=\"text\"  ><p>Le m\u00e9canisme pour y arriver est la\u00a0<strong>coop\u00e9ration entre le secteur du commerce de d\u00e9tail et des organismes sp\u00e9cialis\u00e9s en RDI des deux c\u00f4t\u00e9s de la fronti\u00e8re, <\/strong>en accord avec l\u2019OE1 du programme destin\u00e9 \u00e0 renforcer la coop\u00e9ration transfrontali\u00e8re en mati\u00e8re de RDI.<\/p>\n<\/div><\/div><footer class=\"entry-footer\"><\/footer><\/article><div class='iconlist-timeline'><\/div><\/li>\n<\/ul><\/div><\/p><\/div><div class=\"flex_column av_one_half  flex_column_div av-zero-column-padding   avia-builder-el-16  el_after_av_one_half  avia-builder-el-last  \" style='border-radius:0px; '><p><div  style='padding-bottom:10px; color:#003399;' class='av-special-heading av-special-heading-h3 custom-color-heading blockquote modern-quote  avia-builder-el-17  el_before_av_iconlist  avia-builder-el-first  '><h3 class='av-special-heading-tag '  itemprop=\"headline\"  >Objectifs sp\u00e9cifiques<\/h3><div class='special-heading-border'><div class='special-heading-inner-border' style='border-color:#003399'><\/div><\/div><\/div><br \/>\n<div  class='avia-icon-list-container   avia-builder-el-18  el_after_av_heading  avia-builder-el-last '><ul class='avia-icon-list avia-icon-list-left av-iconlist-big avia_animate_when_almost_visible avia-iconlist-animate'>\n<li><div  style='background-color:#ffcc00; ' class='iconlist_icon  avia-font-entypo-fontello'><span class='iconlist-char ' aria-hidden='true' data-av_icon='\ue82b' data-av_iconfont='entypo-fontello'><\/span><\/div><article class=\"article-icon-entry \"  itemscope=\"itemscope\" itemtype=\"https:\/\/schema.org\/CreativeWork\" ><div class='iconlist_content_wrap'><header class=\"entry-content-header\"><\/header><div class='iconlist_content  '  itemprop=\"text\"  ><p><strong>Am\u00e9liorer les comp\u00e9tences professionnelles<\/strong>en mati\u00e8re de transformation num\u00e9rique des organismes repr\u00e9sentant les commerces des territoires partenaires.<\/p>\n<\/div><\/div><footer class=\"entry-footer\"><\/footer><\/article><div class='iconlist-timeline'><\/div><\/li>\n<li><div  style='background-color:#ffcc00; ' class='iconlist_icon  avia-font-entypo-fontello'><span class='iconlist-char ' aria-hidden='true' data-av_icon='\ue859' data-av_iconfont='entypo-fontello'><\/span><\/div><article class=\"article-icon-entry \"  itemscope=\"itemscope\" itemtype=\"https:\/\/schema.org\/CreativeWork\" ><div class='iconlist_content_wrap'><header class=\"entry-content-header\"><\/header><div class='iconlist_content  '  itemprop=\"text\"  ><p><strong>Am\u00e9liorer la comp\u00e9titivit\u00e9 des TPE-PME <\/strong>des commerces de d\u00e9tail des territoires partenaires au travers d\u2019une num\u00e9risation utile.<\/p>\n<\/div><\/div><footer class=\"entry-footer\"><\/footer><\/article><div class='iconlist-timeline'><\/div><\/li>\n<li><div  style='background-color:#ffcc00; ' class='iconlist_icon  avia-font-entypo-fontello'><span class='iconlist-char ' aria-hidden='true' data-av_icon='\ue80b' data-av_iconfont='entypo-fontello'><\/span><\/div><article class=\"article-icon-entry \"  itemscope=\"itemscope\" itemtype=\"https:\/\/schema.org\/CreativeWork\" ><div class='iconlist_content_wrap'><header class=\"entry-content-header\"><\/header><div class='iconlist_content  '  itemprop=\"text\"  ><p>Informer les citoyens des territoires partenaires du projet <strong>en les sensibilisant sur l\u2019importance du secteur de commerce de d\u00e9tail <\/strong>\u00a0dans notre territoire.<\/p>\n<\/div><\/div><footer class=\"entry-footer\"><\/footer><\/article><div class='iconlist-timeline'><\/div><\/li>\n<\/ul><\/div><\/p><\/div>\n\n<\/div><\/div><\/div><!-- close content main div --><\/div><\/div><div id='gobernanza'  class='avia-section main_color avia-section-default avia-no-border-styling  avia-bg-style-scroll  avia-builder-el-19  el_after_av_section  avia-builder-el-last   container_wrap sidebar_right' style='background-color: #afafaf;  '  ><div class='container' ><div class='template-page content  av-content-small alpha units'><div class='post-entry post-entry-type-page post-entry-4537'><div class='entry-content-wrapper clearfix'>\n<div  style='padding-bottom:10px; color:#000000;' class='av-special-heading av-special-heading-h2 custom-color-heading blockquote modern-quote  avia-builder-el-20  el_before_av_one_full  avia-builder-el-first  '><h2 class='av-special-heading-tag '  itemprop=\"headline\"  >Gouvernance du projet<\/h2><div class='special-heading-border'><div class='special-heading-inner-border' style='border-color:#000000'><\/div><\/div><\/div>\n<div class=\"flex_column av_one_full  flex_column_div av-zero-column-padding first  avia-builder-el-21  el_after_av_heading  el_before_av_one_third  \" style='border-radius:0px; '><section class=\"av_textblock_section \"  itemscope=\"itemscope\" itemtype=\"https:\/\/schema.org\/CreativeWork\" ><div class='avia_textblock  '   itemprop=\"text\" ><p>Le projet CORE est compos\u00e9 d\u2019organismes de profils divers : Associations \/ F\u00e9d\u00e9rations de Commer\u00e7ants, Mairies et Organismes Publics, Chambres de Commerce et centres technologiques.<\/p>\n<p>Chacun de ces profils correspond \u00e0 un besoin sp\u00e9cifique du projet. Les connaissances sur les besoins des commerces de proximit\u00e9 et le contact direct avec les b\u00e9n\u00e9ficiaires de CORE repose sur les Associations \/ F\u00e9d\u00e9rations de Commer\u00e7ants qui avec les Mairies et Organismes Publics accompagnent et financent les commerces. Du c\u00f4t\u00e9 fran\u00e7ais les Chambres de Commerce jouent aussi ce r\u00f4le.<\/p>\n<p>La F\u00e9d\u00e9ration du Commerce de Guipuzcoa (FMG) en tant que chef de file, coordonnera toutes les actions du projet qui tend \u00e0 la num\u00e9risation par \u00e9tapes du secteur commercial, en souhaitant que les outils technologiques soient int\u00e9gr\u00e9s aux activit\u00e9s des commerces du d\u00e9tail tant pour les \u00e9changes avec leurs clients et fournisseurs, que pour la gestion interne des commerces.<\/p>\n<p>Les associations et f\u00e9d\u00e9rations avec les Chambres de Commerce m\u00e8neront le travail en direct avec les commer\u00e7ants afin d\u2019augmenter leur niveau de num\u00e9risation au travers d\u2019accompagnements personnalis\u00e9s, pour chaque commerce participant (plus de 600 commerces seront les b\u00e9n\u00e9ficiaires directs); en s\u2019appuyant sur une plateforme d\u2019auto\u00e9valuation con\u00e7ue sur mesure par les deux centres technologiques.<\/p>\n<\/div><\/section><\/div><div class=\"flex_column av_one_third  flex_column_div av-zero-column-padding first  avia-builder-el-23  el_after_av_one_full  el_before_av_one_third  column-top-margin\" style='border-radius:0px; '><div  class='avia-button-wrap avia-button-center  avia-builder-el-24  avia-builder-el-no-sibling ' ><a href='https:\/\/interreg-core.eu\/fr\/sur-interreg-core\/associes-du-projet-core\/'  class='avia-button   avia-icon_select-no avia-color-dark avia-size-small avia-position-center '   ><span class='avia_iconbox_title' >Conna\u00eetre nos associ\u00e9s et collaborateurs <\/span><\/a><\/div><\/div><div class=\"flex_column av_one_third  flex_column_div av-zero-column-padding   avia-builder-el-25  el_after_av_one_third  el_before_av_one_third  column-top-margin\" style='border-radius:0px; '><\/div><div class=\"flex_column av_one_third  flex_column_div av-zero-column-padding   avia-builder-el-26  el_after_av_one_third  avia-builder-el-last  column-top-margin\" style='border-radius:0px; '><\/div><\/div><\/div><\/div><!-- close content main div --><\/div><\/div><div id='after_section_4'  class='main_color av_default_container_wrap container_wrap sidebar_right' style=' '  ><div class='container' ><div class='template-page content  av-content-small alpha units'><div class='post-entry post-entry-type-page post-entry-4537'><div class='entry-content-wrapper clearfix'>\n","protected":false},"excerpt":{"rendered":"","protected":false},"author":3,"featured_media":0,"parent":0,"menu_order":0,"comment_status":"closed","ping_status":"closed","template":"","meta":{"footnotes":""},"class_list":["post-4537","page","type-page","status-publish","hentry"],"yoast_head":"<!-- This site is optimized with the Yoast SEO plugin v27.2 - https:\/\/yoast.com\/product\/yoast-seo-wordpress\/ -->\n<title>Sur Interreg-CORE - Interreg | Core<\/title>\n<meta name=\"robots\" content=\"index, follow, max-snippet:-1, max-image-preview:large, max-video-preview:-1\" \/>\n<link rel=\"canonical\" href=\"https:\/\/interreg-core.eu\/fr\/sur-interreg-core\/\" \/>\n<meta property=\"og:locale\" content=\"fr_FR\" \/>\n<meta property=\"og:type\" content=\"article\" \/>\n<meta property=\"og:title\" content=\"Sur Interreg-CORE - Interreg | Core\" \/>\n<meta property=\"og:url\" content=\"https:\/\/interreg-core.eu\/fr\/sur-interreg-core\/\" \/>\n<meta property=\"og:site_name\" content=\"Interreg | Core\" \/>\n<meta property=\"article:modified_time\" content=\"2020-09-04T06:10:45+00:00\" \/>\n<meta name=\"twitter:card\" content=\"summary_large_image\" \/>\n<meta name=\"twitter:label1\" content=\"Dur\u00e9e de lecture estim\u00e9e\" \/>\n\t<meta name=\"twitter:data1\" content=\"17 minutes\" \/>\n<script type=\"application\/ld+json\" class=\"yoast-schema-graph\">{\"@context\":\"https:\/\/schema.org\",\"@graph\":[{\"@type\":\"WebPage\",\"@id\":\"https:\/\/interreg-core.eu\/fr\/sur-interreg-core\/\",\"url\":\"https:\/\/interreg-core.eu\/fr\/sur-interreg-core\/\",\"name\":\"Sur Interreg-CORE - Interreg | Core\",\"isPartOf\":{\"@id\":\"https:\/\/interreg-core.eu\/fr\/#website\"},\"datePublished\":\"2020-04-22T15:26:28+00:00\",\"dateModified\":\"2020-09-04T06:10:45+00:00\",\"breadcrumb\":{\"@id\":\"https:\/\/interreg-core.eu\/fr\/sur-interreg-core\/#breadcrumb\"},\"inLanguage\":\"fr-FR\",\"potentialAction\":[{\"@type\":\"ReadAction\",\"target\":[\"https:\/\/interreg-core.eu\/fr\/sur-interreg-core\/\"]}]},{\"@type\":\"BreadcrumbList\",\"@id\":\"https:\/\/interreg-core.eu\/fr\/sur-interreg-core\/#breadcrumb\",\"itemListElement\":[{\"@type\":\"ListItem\",\"position\":1,\"name\":\"Portada\",\"item\":\"https:\/\/interreg-core.eu\/fr\/\"},{\"@type\":\"ListItem\",\"position\":2,\"name\":\"Sur Interreg-CORE\"}]},{\"@type\":\"WebSite\",\"@id\":\"https:\/\/interreg-core.eu\/fr\/#website\",\"url\":\"https:\/\/interreg-core.eu\/fr\/\",\"name\":\"Interreg | Core\",\"description\":\"Interreg | Core\",\"potentialAction\":[{\"@type\":\"SearchAction\",\"target\":{\"@type\":\"EntryPoint\",\"urlTemplate\":\"https:\/\/interreg-core.eu\/fr\/?s={search_term_string}\"},\"query-input\":{\"@type\":\"PropertyValueSpecification\",\"valueRequired\":true,\"valueName\":\"search_term_string\"}}],\"inLanguage\":\"fr-FR\"}]}<\/script>\n<!-- \/ Yoast SEO plugin. -->","yoast_head_json":{"title":"Sur Interreg-CORE - Interreg | Core","robots":{"index":"index","follow":"follow","max-snippet":"max-snippet:-1","max-image-preview":"max-image-preview:large","max-video-preview":"max-video-preview:-1"},"canonical":"https:\/\/interreg-core.eu\/fr\/sur-interreg-core\/","og_locale":"fr_FR","og_type":"article","og_title":"Sur Interreg-CORE - Interreg | Core","og_url":"https:\/\/interreg-core.eu\/fr\/sur-interreg-core\/","og_site_name":"Interreg | Core","article_modified_time":"2020-09-04T06:10:45+00:00","twitter_card":"summary_large_image","twitter_misc":{"Dur\u00e9e de lecture estim\u00e9e":"17 minutes"},"schema":{"@context":"https:\/\/schema.org","@graph":[{"@type":"WebPage","@id":"https:\/\/interreg-core.eu\/fr\/sur-interreg-core\/","url":"https:\/\/interreg-core.eu\/fr\/sur-interreg-core\/","name":"Sur Interreg-CORE - Interreg | Core","isPartOf":{"@id":"https:\/\/interreg-core.eu\/fr\/#website"},"datePublished":"2020-04-22T15:26:28+00:00","dateModified":"2020-09-04T06:10:45+00:00","breadcrumb":{"@id":"https:\/\/interreg-core.eu\/fr\/sur-interreg-core\/#breadcrumb"},"inLanguage":"fr-FR","potentialAction":[{"@type":"ReadAction","target":["https:\/\/interreg-core.eu\/fr\/sur-interreg-core\/"]}]},{"@type":"BreadcrumbList","@id":"https:\/\/interreg-core.eu\/fr\/sur-interreg-core\/#breadcrumb","itemListElement":[{"@type":"ListItem","position":1,"name":"Portada","item":"https:\/\/interreg-core.eu\/fr\/"},{"@type":"ListItem","position":2,"name":"Sur Interreg-CORE"}]},{"@type":"WebSite","@id":"https:\/\/interreg-core.eu\/fr\/#website","url":"https:\/\/interreg-core.eu\/fr\/","name":"Interreg | Core","description":"Interreg | Core","potentialAction":[{"@type":"SearchAction","target":{"@type":"EntryPoint","urlTemplate":"https:\/\/interreg-core.eu\/fr\/?s={search_term_string}"},"query-input":{"@type":"PropertyValueSpecification","valueRequired":true,"valueName":"search_term_string"}}],"inLanguage":"fr-FR"}]}},"_links":{"self":[{"href":"https:\/\/interreg-core.eu\/fr\/wp-json\/wp\/v2\/pages\/4537","targetHints":{"allow":["GET"]}}],"collection":[{"href":"https:\/\/interreg-core.eu\/fr\/wp-json\/wp\/v2\/pages"}],"about":[{"href":"https:\/\/interreg-core.eu\/fr\/wp-json\/wp\/v2\/types\/page"}],"author":[{"embeddable":true,"href":"https:\/\/interreg-core.eu\/fr\/wp-json\/wp\/v2\/users\/3"}],"replies":[{"embeddable":true,"href":"https:\/\/interreg-core.eu\/fr\/wp-json\/wp\/v2\/comments?post=4537"}],"version-history":[{"count":2,"href":"https:\/\/interreg-core.eu\/fr\/wp-json\/wp\/v2\/pages\/4537\/revisions"}],"predecessor-version":[{"id":5211,"href":"https:\/\/interreg-core.eu\/fr\/wp-json\/wp\/v2\/pages\/4537\/revisions\/5211"}],"wp:attachment":[{"href":"https:\/\/interreg-core.eu\/fr\/wp-json\/wp\/v2\/media?parent=4537"}],"curies":[{"name":"wp","href":"https:\/\/api.w.org\/{rel}","templated":true}]}}