{"id":5610,"date":"2020-08-31T09:30:31","date_gmt":"2020-08-31T09:30:31","guid":{"rendered":"https:\/\/interreg-core.eu\/politique-de-cookies\/"},"modified":"2020-12-13T11:10:36","modified_gmt":"2020-12-13T11:10:36","slug":"politca-de-cookies","status":"publish","type":"page","link":"https:\/\/interreg-core.eu\/ca\/politca-de-cookies\/","title":{"rendered":"Pol\u00edtica de Cookies"},"content":{"rendered":"<h1><b>POL\u00cdTICA DE COOKIES<\/b><\/h1>\n<h2><\/h2>\n<p>&nbsp;<\/p>\n<h2><b>Qu\u00e8 s\u00f3n les cookies i perqu\u00e8 s\u2019utilitzen?<\/b><\/h2>\n<p><span style=\"font-weight: 400;\">Una cookie \u00e9s un fitxer que es descarrega al dispositiu de l\u2019usuari a l\u2019accedir a determinats lloc web per emmagatzemar i recuperar informaci\u00f3 sobre la navegaci\u00f3 que s\u2019efectua des del seu equip.\u00a0\u00a0<\/span><\/p>\n<p><span style=\"font-weight: 400;\">Les cookies permeten a aquest web, entre altres coses, emmagatzemar i recuperar informaci\u00f3 sobre les decisions i h\u00e0bits de l\u2019usuari. Algunes de les cookies utilitzades al web s\u00f3n necess\u00e0ries per al funcionament d\u2019aquesta.\u00a0<\/span><\/p>\n<p><span style=\"font-weight: 400;\">\u00c9s important destacar que l\u2019\u00fas de cookies no proporciona dades personals de l\u2019usuari.<\/span><\/p>\n<p><span style=\"font-weight: 400;\">Aquest web utilitza cookies pr\u00f2pies i de tercers les quals es detallen m\u00e9s endavant, tingui en compte que la instal\u00b7laci\u00f3 d\u2019algunes de les cookies que figuren a la Web s\u00f3n necess\u00e0ries per al funcionament i la seva instal\u00b7laci\u00f3 no requereix el consentiment.\u00a0<\/span><\/p>\n<h2><\/h2>\n<h2><b>Quins tipus de cookies existeixen?<\/b><\/h2>\n<p><span style=\"font-weight: 400;\">Las cookies, en funci\u00f3 del temps que estan activades, poden dividir-se en cookies de sessi\u00f3 o permanents:<\/span><\/p>\n<ul>\n<li style=\"font-weight: 400;\"><b>Cookies de sessi\u00f3: <\/b><span style=\"font-weight: 400;\">les dades que recaven i emmagatzemen aquestes cookies es recullen mentre l\u2019usuari navega per la Web i son eliminades al tancar el navegador. Acostumen a utilitzar-se per emmagatzemar informaci\u00f3 que interessa conservar per la prestaci\u00f3 del servei per a l\u2019usuari\u00a0 sol\u00b7licita puntualment.<\/span><\/li>\n<li style=\"font-weight: 400;\"><b>Cookies persistents:<\/b><span style=\"font-weight: 400;\"> amb aquestes cookies les dades continuant emmagatzemades a l\u2019equip de l\u2019usuari durant un per\u00edode de temps determinat, facilitant aix\u00ed el control de les prefer\u00e8ncies escollides per l\u2019usuari sense haver de repetir certa par\u00e0metres cada cop que aquest visita la Web.\u00a0<\/span><\/li>\n<\/ul>\n<h2><\/h2>\n<p><span style=\"font-weight: 400;\">Addicionalment, segons l\u2019entat que les gestioni, les cookies poden classificar-se com pr\u00f2pies o de tercers:<\/span><\/p>\n<ul>\n<li style=\"font-weight: 400;\"><b>Cookies pr\u00f2pies: <\/b><span style=\"font-weight: 400;\">aquestes cookies s\u2019envien a l\u2019equip de l\u2019usuari des de un domini o terminal per el propi editor i des de el qual es presta el servei sol\u00b7licitat per\u00a0<\/span><\/li>\n<li style=\"font-weight: 400;\"><b>Cookies de tercers:<\/b><span style=\"font-weight: 400;\"> aquestes cookies s\u2019envien a l\u2019equip del usuari des de un equip o domini que no est\u00e0 gestionat per l\u2019editor, sin\u00f3 que est\u00e0 gestionar per un altra entitat que tracte les dades obtingudes a trav\u00e9s de les cookies.<\/span><\/li>\n<\/ul>\n<h2><\/h2>\n<p><span style=\"font-weight: 400;\">Respecte a la finalitat, las cookies poden ser:<\/span><\/p>\n<ul>\n<li style=\"font-weight: 400;\"><b>Cookies t\u00e8cniques: <\/b><span style=\"font-weight: 400;\">aquestes cookies permeten controlar el tr\u00e0nsit i la comunicaci\u00f3 de dades<\/span><\/li>\n<li style=\"font-weight: 400;\"><b>Cookies de personalitzaci\u00f3: <\/b><span style=\"font-weight: 400;\">aquestes cookies deixen accedir als usuaris segons algunes caracter\u00edstiques pr\u00f2pies que es recullen (navegador, idioma, etc.).<\/span><\/li>\n<li style=\"font-weight: 400;\"><b>Cookies de an\u00e0lisis: <\/b><span style=\"font-weight: 400;\">aquestes cookies permeten al responsable d\u2019aquestes, el seguiment y an\u00e0lisis del comportament dels\u00a0 usuaris de les webs y permeten elaborar un perfil de usuari.\u00a0<\/span><\/li>\n<li style=\"font-weight: 400;\"><b>Cookies publicit\u00e0ries:<\/b> <span style=\"font-weight: 400;\">aquestes cookies recullen dades sobre la gesti\u00f3 dels espais publicitaris de la web\u00a0<\/span><\/li>\n<\/ul>\n<h2><\/h2>\n<h2><b>Quines cookies utilitza la web?<\/b><\/h2>\n<p><span style=\"font-weight: 400;\">L\u2019usuari pot consultar i configurar l\u2019\u00fas de las cookies del web al <\/span><span style=\"font-weight: 400;\"><a id=\"wt-cli-settings-btn\" tabindex=\"0\" role='button' style=\"display:inline-block; background:#fff; border-radius:2px; text-align:center; font-size:14px; padding:5px 8px; margin-left:10px; border:solid 1px #f4f4f9; line-height:18px;\" class=\"wt-cli-element medium cli-plugin-button cli-plugin-main-button cli_settings_button\" >Configurador Cookies<\/a><\/span><\/p>\n<p><span style=\"font-weight: 400;\">\u00c9s important que l\u2019usuari tingui en compte que tot i configurar les cookies de la Web, algunes de les cookies instal\u00b7lades s\u00f3n necess\u00e0ries per a poder utilitzar correctament la web, aquestes cookies no requereixen del seu consentiment ni gesti\u00f3.<\/span><\/p>\n<p><span style=\"font-weight: 400;\"><table class=\"wt-cli-element cookielawinfo-row-cat-table cookielawinfo-classic\"><thead><tr><th scope=\"col\" class=\"cookielawinfo-column-1\">Cookie<\/th><th scope=\"col\" class=\"cookielawinfo-column-2\">Tipus<\/th><th scope=\"col\" class=\"cookielawinfo-column-3\">Duraci\u00f3<\/th><th scope=\"col\" class=\"cookielawinfo-column-4\">Descripci\u00f3<\/th><\/tr><\/thead><tbody><tr class=\"cookielawinfo-row\"><td class=\"cookielawinfo-column-1\">_ga<\/td><td class=\"cookielawinfo-column-2\">persistent<\/td><td class=\"cookielawinfo-column-3\">2 anys<\/td><td class=\"cookielawinfo-column-4\">Aquesta cookie \u00e9s instal\u00b7lada per Google Analytics. La cookie s\u2019utilitza per calcular dades de visitants, sessions, camapign i fer un seguiment de l\u2019\u00fas del lloc per a l\u2019informe d\u2019an\u00e0lisi del lloc. Les cookies emmagatzemen informaci\u00f3 de forma an\u00f2nima i assignen un n\u00famero generat aleat\u00f2riament per identificar visitants \u00fanics.<\/td><\/tr><tr class=\"cookielawinfo-row\"><td class=\"cookielawinfo-column-1\">_gat_gtag_UA_65990622_40<\/td><td class=\"cookielawinfo-column-2\">persistent<\/td><td class=\"cookielawinfo-column-3\">1 minut<\/td><td class=\"cookielawinfo-column-4\">Google utilitza aquesta cookie per distingir els usuaris.<\/td><\/tr><tr class=\"cookielawinfo-row\"><td class=\"cookielawinfo-column-1\">_gid<\/td><td class=\"cookielawinfo-column-2\">persistent<\/td><td class=\"cookielawinfo-column-3\">1 dia<\/td><td class=\"cookielawinfo-column-4\">Aquesta cookie \u00e9s instal\u00b7lada per Google Analytics. La cookie s\u2019utilitza per emmagatzemar informaci\u00f3 sobre com els visitants fan servir un lloc web i ajuda a crear un informe d\u2019an\u00e0lisi de com est\u00e0 funcionant el lloc web. Les dades recopilades, inclosos el nombre de visitants, la font d\u2019on han vingut, i les p\u00e0gines visitats de forma an\u00f2nima.<\/td><\/tr><tr class=\"cookielawinfo-row\"><td class=\"cookielawinfo-column-1\">cookielawinfo-checkbox-necessary<\/td><td class=\"cookielawinfo-column-2\">0<\/td><td class=\"cookielawinfo-column-3\">11 mesos<\/td><td class=\"cookielawinfo-column-4\">Aquesta cookie la defineix el connector de consentiment de cookies de GDPR. Les cookies s\u2019utilitzen per emmagatzemar el consentiment de l\u2019usuari per a les cookies de la categoria \u201cNecess\u00e0ries\u201d.<\/td><\/tr><tr class=\"cookielawinfo-row\"><td class=\"cookielawinfo-column-1\">cookielawinfo-checkbox-non-necessary<\/td><td class=\"cookielawinfo-column-2\">0<\/td><td class=\"cookielawinfo-column-3\">11 mesos<\/td><td class=\"cookielawinfo-column-4\">Aquesta cookie la defineix el connector de consentiment de cookies de GDPR. Les cookies s'utilitzen per emmagatzemar el consentiment de l'usuari per a les cookies de la categoria \"No necess\u00e0ries\".<\/td><\/tr><tr class=\"cookielawinfo-row\"><td class=\"cookielawinfo-column-1\">GPS<\/td><td class=\"cookielawinfo-column-2\">persistent<\/td><td class=\"cookielawinfo-column-3\">30 minuts<\/td><td class=\"cookielawinfo-column-4\">Aquestes cookies les defineix Youtube i s\u2019utilitzen per fer un seguiment de les visualitzacions de v\u00eddeos incrustats.<\/td><\/tr><tr class=\"cookielawinfo-row\"><td class=\"cookielawinfo-column-1\">IDE<\/td><td class=\"cookielawinfo-column-2\">1<\/td><td class=\"cookielawinfo-column-3\">2 anys<\/td><td class=\"cookielawinfo-column-4\">Utilitzat per Google DoubleClick i emmagatzema informaci\u00f3 sobre com l\u2019usuari utilitza el lloc web i qualsevol altra publicitat abans de visitar-lo. S'utilitza per presentar als usuaris anuncis que els siguin rellevants segons el perfil d'usuari.<\/td><\/tr><tr class=\"cookielawinfo-row\"><td class=\"cookielawinfo-column-1\">PHPSESSID<\/td><td class=\"cookielawinfo-column-2\">persistent<\/td><td class=\"cookielawinfo-column-3\">1 an<\/td><td class=\"cookielawinfo-column-4\">Aquesta cookie \u00e9s origin\u00e0ria d\u2019aplicacions PHP. La cookie s\u2019utilitza per emmagatzemar i identificar l\u2019identificador de sessi\u00f3 \u00fanic dels usuaris amb la finalitat de gestionar la sessi\u00f3 d\u2019usuari al lloc web. La cookie \u00e9s una cookie de sessi\u00f3 i s\u2019elimina quan es tanquen totes les finestres del navegador.<\/td><\/tr><tr class=\"cookielawinfo-row\"><td class=\"cookielawinfo-column-1\">test_cookie<\/td><td class=\"cookielawinfo-column-2\">0<\/td><td class=\"cookielawinfo-column-3\">11 mesos<\/td><td class=\"cookielawinfo-column-4\">Cookie per provar el plugin de consentiment de les cookies<\/td><\/tr><tr class=\"cookielawinfo-row\"><td class=\"cookielawinfo-column-1\">viewed_cookie_policy<\/td><td class=\"cookielawinfo-column-2\">0<\/td><td class=\"cookielawinfo-column-3\">11 mesos<\/td><td class=\"cookielawinfo-column-4\">La cookie la defineix el connector de consentiment de cookies de GDPR i s\u2019utilitza per emmagatzemar si l\u2019usuari ha consentit o no l\u2019\u00fas de cookies. No emmagatzema cap dada personal.<\/td><\/tr><tr class=\"cookielawinfo-row\"><td class=\"cookielawinfo-column-1\">VISITOR_INFO1_LIVE<\/td><td class=\"cookielawinfo-column-2\">1<\/td><td class=\"cookielawinfo-column-3\">5 mesos<\/td><td class=\"cookielawinfo-column-4\">Aquesta cookie la defineix Youtube. S\u2019utilitza per fer un seguiment de la informaci\u00f3 dels v\u00eddeos de YouTube incrustats en un lloc web.<\/td><\/tr><tr class=\"cookielawinfo-row\"><td class=\"cookielawinfo-column-1\">wp-wpml_current_language<\/td><td class=\"cookielawinfo-column-2\">persistent<\/td><td class=\"cookielawinfo-column-3\">1 dia<\/td><td class=\"cookielawinfo-column-4\">Aquesta cookie s'utilitza per emmagatzemar les prefer\u00e8ncies d'idioma d'un usuari per oferir contingut en aquest idioma emmagatzemat la propera vegada que l'usuari visiti el lloc web.<\/td><\/tr><tr class=\"cookielawinfo-row\"><td class=\"cookielawinfo-column-1\">YSC<\/td><td class=\"cookielawinfo-column-2\">1<\/td><td class=\"cookielawinfo-column-3\">1 any<\/td><td class=\"cookielawinfo-column-4\">Aquestes cookies les defineix Youtube i s\u2019utilitzen per fer un seguiment de les visualitzacions de v\u00eddeos incrustats.<\/td><\/tr><\/tbody><\/table><\/span><\/p>\n<p>&nbsp;<\/p>\n<p>&nbsp;<\/p>\n<h2><b>Como des habilitar las cookies al seu navegador?<\/b><\/h2>\n<p><span style=\"font-weight: 400;\">La configuraci\u00f3 de les cookies es veu reflectida en el navegador utilitzat per l\u2019usuari, tot i aix\u00f2 s\u2019informa a l\u2019usuari de com\u00a0 pot permetre, bloquejar o eliminar les cookies en el seu equip mitjan\u00e7ant la configuraci\u00f3 de les opcions del seu navegador escollit per a navegar. Llegeixi atentament la secci\u00f3 d\u2019ajuda del navegador per con\u00e8ixer amb detall com activar el \u201cmode privat\u201d o desbloquejar determinades cookies.<\/span><\/p>\n<p><span style=\"font-weight: 400;\">En funci\u00f3 del navegador utilitzat per l\u2019usuari i les seves funcionalitat, pot suposar la instal\u00b7laci\u00f3 de cookies les quals s\u00f3n considerades de tercers. Per exemple, si l\u2019usuari utilitza el navegador de Google i utilitza l\u2019opci\u00f3 d\u2019aquest de traduir el idioma del lloc web, Google instal\u00b7la cookies a l\u2019equip de l\u2019usuari les quals no estan gestionades per el responsable d\u2019aquesta Web i de les quals tampoc en te responsabilitat.<\/span><\/p>\n<p><span style=\"font-weight: 400;\">A continuaci\u00f3 els links a les instruccions de configuraci\u00f3 de cookies de los navegadors:<\/span><\/p>\n<ul>\n<li style=\"font-weight: 400;\"><span style=\"font-weight: 400;\">Informaci\u00f3n sobre cookies para\u00a0<\/span><a href=\"https:\/\/support.microsoft.com\/es-es\/help\/17442\/windows-internet-explorer-delete-manage-cookies\"><span style=\"font-weight: 400;\">Internet Explorer<\/span><\/a><span style=\"font-weight: 400;\">.<\/span><\/li>\n<li style=\"font-weight: 400;\"><span style=\"font-weight: 400;\">Informaci\u00f3n sobre cookies para\u00a0<\/span><a href=\"https:\/\/support.mozilla.org\/es\/kb\/habilitar-y-deshabilitar-cookies-que-los-sitios-we\"><span style=\"font-weight: 400;\">Mozilla Firefox<\/span><\/a><span style=\"font-weight: 400;\">.<\/span><\/li>\n<li style=\"font-weight: 400;\"><span style=\"font-weight: 400;\">Informaci\u00f3n sobre cookies para\u00a0<\/span><a href=\"http:\/\/help.opera.com\/Windows\/11.50\/es-ES\/cookies.html\"><span style=\"font-weight: 400;\">Opera<\/span><\/a><span style=\"font-weight: 400;\">.<\/span><\/li>\n<li style=\"font-weight: 400;\"><span style=\"font-weight: 400;\">Informaci\u00f3n sobre cookies para\u00a0<\/span><a href=\"https:\/\/support.google.com\/accounts\/answer\/61416?hl=es\"><span style=\"font-weight: 400;\">Google Chrome<\/span><\/a><span style=\"font-weight: 400;\">.<\/span><\/li>\n<li style=\"font-weight: 400;\"><span style=\"font-weight: 400;\">Informaci\u00f3n sobre cookies para\u00a0<\/span><a href=\"https:\/\/support.apple.com\/es-es\/HT201265\"><span style=\"font-weight: 400;\">Safari<\/span><\/a><span style=\"font-weight: 400;\">.<\/span><\/li>\n<\/ul>\n<h2><\/h2>\n<h2><b>Informaci\u00f3n adicional<\/b><\/h2>\n<p><span style=\"font-weight: 400;\">Per a una major informaci\u00f3 sobre l\u2019\u00fas de les cookies i com bloquejar-les, accedeix a <\/span><a href=\"http:\/\/www.allaboutcookies.org\"><span style=\"font-weight: 400;\">www.allaboutcookies.org<\/span><\/a><span style=\"font-weight: 400;\">, <\/span><a href=\"http:\/\/www.youronlinechoices.eu\"><span style=\"font-weight: 400;\">www.youronlinechoices.eu<\/span><\/a><span style=\"font-weight: 400;\">. Si teniu qualsevol pregunta o comentari sobre el nostre \u00fas de cookies, si us plau contacteu amb nosaltres via correu electr\u00f2nic a\u00a0 <\/span><a href=\"mailto:info@eurecat.org\"><span style=\"font-weight: 400;\">info@eurecat.org<\/span><\/a><span style=\"font-weight: 400;\"> com a responsable de la web o b\u00e9 com a prove\u00efdor del servei de gesti\u00f3 d\u2019aquesta web.<\/span><\/p>\n<h2><\/h2>\n","protected":false},"excerpt":{"rendered":"<p>POL\u00cdTICA DE COOKIES &nbsp; Qu\u00e8 s\u00f3n les cookies i perqu\u00e8 s\u2019utilitzen? Una cookie \u00e9s un fitxer que es descarrega al dispositiu de l\u2019usuari a l\u2019accedir a determinats lloc web per [&hellip;]<\/p>\n","protected":false},"author":7,"featured_media":0,"parent":0,"menu_order":0,"comment_status":"closed","ping_status":"closed","template":"","meta":{"footnotes":""},"class_list":["post-5610","page","type-page","status-publish","hentry"],"yoast_head":"<!-- This site is optimized with the Yoast SEO plugin v27.2 - https:\/\/yoast.com\/product\/yoast-seo-wordpress\/ -->\n<title>Pol\u00edtica de Cookies - Interreg | Core<\/title>\n<meta name=\"robots\" content=\"index, follow, max-snippet:-1, max-image-preview:large, max-video-preview:-1\" \/>\n<link rel=\"canonical\" href=\"https:\/\/interreg-core.eu\/ca\/politca-de-cookies\/\" \/>\n<meta property=\"og:locale\" content=\"ca_ES\" \/>\n<meta property=\"og:type\" content=\"article\" \/>\n<meta property=\"og:title\" content=\"Pol\u00edtica de Cookies - Interreg | Core\" \/>\n<meta property=\"og:description\" content=\"POL\u00cdTICA DE COOKIES &nbsp; Qu\u00e8 s\u00f3n les cookies i perqu\u00e8 s\u2019utilitzen? Una cookie \u00e9s un fitxer que es descarrega al dispositiu de l\u2019usuari a l\u2019accedir a determinats lloc web per [&hellip;]\" \/>\n<meta property=\"og:url\" content=\"https:\/\/interreg-core.eu\/ca\/politca-de-cookies\/\" \/>\n<meta property=\"og:site_name\" content=\"Interreg | Core\" \/>\n<meta property=\"article:modified_time\" content=\"2020-12-13T11:10:36+00:00\" \/>\n<meta name=\"twitter:card\" content=\"summary_large_image\" \/>\n<meta name=\"twitter:label1\" content=\"Temps estimat de lectura\" \/>\n\t<meta name=\"twitter:data1\" content=\"4 minuts\" \/>\n<script type=\"application\/ld+json\" class=\"yoast-schema-graph\">{\"@context\":\"https:\/\/schema.org\",\"@graph\":[{\"@type\":\"WebPage\",\"@id\":\"https:\/\/interreg-core.eu\/ca\/politca-de-cookies\/\",\"url\":\"https:\/\/interreg-core.eu\/ca\/politca-de-cookies\/\",\"name\":\"Pol\u00edtica de Cookies - Interreg | Core\",\"isPartOf\":{\"@id\":\"https:\/\/interreg-core.eu\/ca\/#website\"},\"datePublished\":\"2020-08-31T09:30:31+00:00\",\"dateModified\":\"2020-12-13T11:10:36+00:00\",\"breadcrumb\":{\"@id\":\"https:\/\/interreg-core.eu\/ca\/politca-de-cookies\/#breadcrumb\"},\"inLanguage\":\"ca\",\"potentialAction\":[{\"@type\":\"ReadAction\",\"target\":[\"https:\/\/interreg-core.eu\/ca\/politca-de-cookies\/\"]}]},{\"@type\":\"BreadcrumbList\",\"@id\":\"https:\/\/interreg-core.eu\/ca\/politca-de-cookies\/#breadcrumb\",\"itemListElement\":[{\"@type\":\"ListItem\",\"position\":1,\"name\":\"Portada\",\"item\":\"https:\/\/interreg-core.eu\/ca\/\"},{\"@type\":\"ListItem\",\"position\":2,\"name\":\"Pol\u00edtica de Cookies\"}]},{\"@type\":\"WebSite\",\"@id\":\"https:\/\/interreg-core.eu\/ca\/#website\",\"url\":\"https:\/\/interreg-core.eu\/ca\/\",\"name\":\"Interreg | Core\",\"description\":\"Interreg | Core\",\"potentialAction\":[{\"@type\":\"SearchAction\",\"target\":{\"@type\":\"EntryPoint\",\"urlTemplate\":\"https:\/\/interreg-core.eu\/ca\/?s={search_term_string}\"},\"query-input\":{\"@type\":\"PropertyValueSpecification\",\"valueRequired\":true,\"valueName\":\"search_term_string\"}}],\"inLanguage\":\"ca\"}]}<\/script>\n<!-- \/ Yoast SEO plugin. -->","yoast_head_json":{"title":"Pol\u00edtica de Cookies - Interreg | Core","robots":{"index":"index","follow":"follow","max-snippet":"max-snippet:-1","max-image-preview":"max-image-preview:large","max-video-preview":"max-video-preview:-1"},"canonical":"https:\/\/interreg-core.eu\/ca\/politca-de-cookies\/","og_locale":"ca_ES","og_type":"article","og_title":"Pol\u00edtica de Cookies - Interreg | Core","og_description":"POL\u00cdTICA DE COOKIES &nbsp; Qu\u00e8 s\u00f3n les cookies i perqu\u00e8 s\u2019utilitzen? Una cookie \u00e9s un fitxer que es descarrega al dispositiu de l\u2019usuari a l\u2019accedir a determinats lloc web per [&hellip;]","og_url":"https:\/\/interreg-core.eu\/ca\/politca-de-cookies\/","og_site_name":"Interreg | Core","article_modified_time":"2020-12-13T11:10:36+00:00","twitter_card":"summary_large_image","twitter_misc":{"Temps estimat de lectura":"4 minuts"},"schema":{"@context":"https:\/\/schema.org","@graph":[{"@type":"WebPage","@id":"https:\/\/interreg-core.eu\/ca\/politca-de-cookies\/","url":"https:\/\/interreg-core.eu\/ca\/politca-de-cookies\/","name":"Pol\u00edtica de Cookies - Interreg | Core","isPartOf":{"@id":"https:\/\/interreg-core.eu\/ca\/#website"},"datePublished":"2020-08-31T09:30:31+00:00","dateModified":"2020-12-13T11:10:36+00:00","breadcrumb":{"@id":"https:\/\/interreg-core.eu\/ca\/politca-de-cookies\/#breadcrumb"},"inLanguage":"ca","potentialAction":[{"@type":"ReadAction","target":["https:\/\/interreg-core.eu\/ca\/politca-de-cookies\/"]}]},{"@type":"BreadcrumbList","@id":"https:\/\/interreg-core.eu\/ca\/politca-de-cookies\/#breadcrumb","itemListElement":[{"@type":"ListItem","position":1,"name":"Portada","item":"https:\/\/interreg-core.eu\/ca\/"},{"@type":"ListItem","position":2,"name":"Pol\u00edtica de Cookies"}]},{"@type":"WebSite","@id":"https:\/\/interreg-core.eu\/ca\/#website","url":"https:\/\/interreg-core.eu\/ca\/","name":"Interreg | Core","description":"Interreg | Core","potentialAction":[{"@type":"SearchAction","target":{"@type":"EntryPoint","urlTemplate":"https:\/\/interreg-core.eu\/ca\/?s={search_term_string}"},"query-input":{"@type":"PropertyValueSpecification","valueRequired":true,"valueName":"search_term_string"}}],"inLanguage":"ca"}]}},"_links":{"self":[{"href":"https:\/\/interreg-core.eu\/ca\/wp-json\/wp\/v2\/pages\/5610","targetHints":{"allow":["GET"]}}],"collection":[{"href":"https:\/\/interreg-core.eu\/ca\/wp-json\/wp\/v2\/pages"}],"about":[{"href":"https:\/\/interreg-core.eu\/ca\/wp-json\/wp\/v2\/types\/page"}],"author":[{"embeddable":true,"href":"https:\/\/interreg-core.eu\/ca\/wp-json\/wp\/v2\/users\/7"}],"replies":[{"embeddable":true,"href":"https:\/\/interreg-core.eu\/ca\/wp-json\/wp\/v2\/comments?post=5610"}],"version-history":[{"count":2,"href":"https:\/\/interreg-core.eu\/ca\/wp-json\/wp\/v2\/pages\/5610\/revisions"}],"predecessor-version":[{"id":5616,"href":"https:\/\/interreg-core.eu\/ca\/wp-json\/wp\/v2\/pages\/5610\/revisions\/5616"}],"wp:attachment":[{"href":"https:\/\/interreg-core.eu\/ca\/wp-json\/wp\/v2\/media?parent=5610"}],"curies":[{"name":"wp","href":"https:\/\/api.w.org\/{rel}","templated":true}]}}